{"id":1502,"date":"2023-08-17T20:31:06","date_gmt":"2023-08-17T18:31:06","guid":{"rendered":"https:\/\/snehalayam.com\/?page_id=1502"},"modified":"2026-01-15T20:47:07","modified_gmt":"2026-01-15T19:47:07","slug":"unsere-arbeit","status":"publish","type":"page","link":"https:\/\/snehalayam.com\/en\/unsere-arbeit\/","title":{"rendered":"Our Work"},"content":{"rendered":"<div data-elementor-type=\"wp-post\" data-elementor-id=\"1502\" class=\"elementor elementor-1502\" data-elementor-post-type=\"page\">\n\t\t\t\t\t\t<section class=\"elementor-section elementor-top-section elementor-element elementor-element-f022530 elementor-section-full_width elementor-section-stretched elementor-section-height-default elementor-section-height-default\" data-id=\"f022530\" data-element_type=\"section\" data-settings=\"{&quot;stretch_section&quot;:&quot;section-stretched&quot;}\">\n\t\t\t\t\t\t<div class=\"elementor-container elementor-column-gap-default\">\n\t\t\t\t\t<div class=\"elementor-column elementor-col-100 elementor-top-column elementor-element elementor-element-86d1e81\" data-id=\"86d1e81\" data-element_type=\"column\">\n\t\t\t<div class=\"elementor-widget-wrap elementor-element-populated\">\n\t\t\t\t\t\t<div class=\"elementor-element elementor-element-e91ec64 animated-slow elementor-invisible elementor-widget elementor-widget-image\" data-id=\"e91ec64\" data-element_type=\"widget\" data-settings=\"{&quot;_animation&quot;:&quot;fadeIn&quot;}\" data-widget_type=\"image.default\">\n\t\t\t\t<div class=\"elementor-widget-container\">\n\t\t\t<style>\/*! elementor - v3.21.0 - 08-05-2024 *\/\n.elementor-widget-image{text-align:center}.elementor-widget-image a{display:inline-block}.elementor-widget-image a img[src$=\".svg\"]{width:48px}.elementor-widget-image img{vertical-align:middle;display:inline-block}<\/style>\t\t\t\t\t\t\t\t\t\t<img fetchpriority=\"high\" decoding=\"async\" width=\"1851\" height=\"718\" src=\"https:\/\/snehalayam.com\/wp-content\/uploads\/2023\/08\/unsere_arbeit.jpg\" class=\"attachment-2048x2048 size-2048x2048 wp-image-2138\" alt=\"\" srcset=\"https:\/\/snehalayam.com\/wp-content\/uploads\/2023\/08\/unsere_arbeit.jpg 1851w, https:\/\/snehalayam.com\/wp-content\/uploads\/2023\/08\/unsere_arbeit-300x116.jpg 300w, https:\/\/snehalayam.com\/wp-content\/uploads\/2023\/08\/unsere_arbeit-1024x397.jpg 1024w, https:\/\/snehalayam.com\/wp-content\/uploads\/2023\/08\/unsere_arbeit-768x298.jpg 768w, https:\/\/snehalayam.com\/wp-content\/uploads\/2023\/08\/unsere_arbeit-1536x596.jpg 1536w, https:\/\/snehalayam.com\/wp-content\/uploads\/2023\/08\/unsere_arbeit-600x233.jpg 600w\" sizes=\"(max-width: 1851px) 100vw, 1851px\" \/>\t\t\t\t\t\t\t\t\t\t\t\t\t<\/div>\n\t\t\t\t<\/div>\n\t\t\t\t\t<\/div>\n\t\t<\/div>\n\t\t\t\t\t<\/div>\n\t\t<\/section>\n\t\t\t\t<section class=\"elementor-section elementor-top-section elementor-element elementor-element-80512ae elementor-section-content-top elementor-hidden-mobile elementor-section-boxed elementor-section-height-default elementor-section-height-default\" data-id=\"80512ae\" data-element_type=\"section\">\n\t\t\t\t\t\t<div class=\"elementor-container elementor-column-gap-default\">\n\t\t\t\t\t<div class=\"elementor-column elementor-col-100 elementor-top-column elementor-element elementor-element-6a60fdf\" data-id=\"6a60fdf\" data-element_type=\"column\">\n\t\t\t<div class=\"elementor-widget-wrap elementor-element-populated\">\n\t\t\t\t\t\t<div class=\"elementor-element elementor-element-0a65ac3 animated-slow elementor-invisible elementor-widget elementor-widget-heading\" data-id=\"0a65ac3\" data-element_type=\"widget\" data-settings=\"{&quot;_animation&quot;:&quot;fadeIn&quot;}\" data-widget_type=\"heading.default\">\n\t\t\t\t<div class=\"elementor-widget-container\">\n\t\t\t<style>\/*! elementor - v3.21.0 - 08-05-2024 *\/\n.elementor-heading-title{padding:0;margin:0;line-height:1}.elementor-widget-heading .elementor-heading-title[class*=elementor-size-]>a{color:inherit;font-size:inherit;line-height:inherit}.elementor-widget-heading .elementor-heading-title.elementor-size-small{font-size:15px}.elementor-widget-heading .elementor-heading-title.elementor-size-medium{font-size:19px}.elementor-widget-heading .elementor-heading-title.elementor-size-large{font-size:29px}.elementor-widget-heading .elementor-heading-title.elementor-size-xl{font-size:39px}.elementor-widget-heading .elementor-heading-title.elementor-size-xxl{font-size:59px}<\/style><h2 class=\"elementor-heading-title elementor-size-xl\">Our Work<\/h2>\t\t<\/div>\n\t\t\t\t<\/div>\n\t\t\t\t\t<\/div>\n\t\t<\/div>\n\t\t\t\t\t<\/div>\n\t\t<\/section>\n\t\t\t\t<section class=\"elementor-section elementor-top-section elementor-element elementor-element-41a13aff elementor-hidden-desktop elementor-hidden-tablet elementor-section-boxed elementor-section-height-default elementor-section-height-default\" data-id=\"41a13aff\" data-element_type=\"section\">\n\t\t\t\t\t\t<div class=\"elementor-container elementor-column-gap-default\">\n\t\t\t\t\t<div class=\"elementor-column elementor-col-100 elementor-top-column elementor-element elementor-element-1b2ea5ac\" data-id=\"1b2ea5ac\" data-element_type=\"column\">\n\t\t\t<div class=\"elementor-widget-wrap elementor-element-populated\">\n\t\t\t\t\t\t<div class=\"elementor-element elementor-element-6474c4f4 elementor-hidden-desktop elementor-hidden-tablet elementor-widget elementor-widget-heading\" data-id=\"6474c4f4\" data-element_type=\"widget\" data-widget_type=\"heading.default\">\n\t\t\t\t<div class=\"elementor-widget-container\">\n\t\t\t<h1 class=\"elementor-heading-title elementor-size-medium\">Our Work<\/h1>\t\t<\/div>\n\t\t\t\t<\/div>\n\t\t\t\t\t<\/div>\n\t\t<\/div>\n\t\t\t\t\t<\/div>\n\t\t<\/section>\n\t\t\t\t<section class=\"elementor-section elementor-top-section elementor-element elementor-element-a98f518 elementor-section-boxed elementor-section-height-default elementor-section-height-default\" data-id=\"a98f518\" data-element_type=\"section\">\n\t\t\t\t\t\t<div class=\"elementor-container elementor-column-gap-default\">\n\t\t\t\t\t<div class=\"elementor-column elementor-col-100 elementor-top-column elementor-element elementor-element-153acff\" data-id=\"153acff\" data-element_type=\"column\">\n\t\t\t<div class=\"elementor-widget-wrap elementor-element-populated\">\n\t\t\t\t\t\t<div class=\"elementor-element elementor-element-308c894 elementor-widget__width-initial elementor-widget elementor-widget-text-editor\" data-id=\"308c894\" data-element_type=\"widget\" data-widget_type=\"text-editor.default\">\n\t\t\t\t<div class=\"elementor-widget-container\">\n\t\t\t<style>\/*! elementor - v3.21.0 - 08-05-2024 *\/\n.elementor-widget-text-editor.elementor-drop-cap-view-stacked .elementor-drop-cap{background-color:#69727d;color:#fff}.elementor-widget-text-editor.elementor-drop-cap-view-framed .elementor-drop-cap{color:#69727d;border:3px solid;background-color:transparent}.elementor-widget-text-editor:not(.elementor-drop-cap-view-default) .elementor-drop-cap{margin-top:8px}.elementor-widget-text-editor:not(.elementor-drop-cap-view-default) .elementor-drop-cap-letter{width:1em;height:1em}.elementor-widget-text-editor .elementor-drop-cap{float:left;text-align:center;line-height:1;font-size:50px}.elementor-widget-text-editor .elementor-drop-cap-letter{display:inline-block}<\/style>\t\t\t\t<div class=\"elementor-element elementor-element-87c6f54 elementor-widget elementor-widget-text-editor\" data-id=\"87c6f54\" data-element_type=\"widget\" data-widget_type=\"text-editor.default\"><div class=\"elementor-widget-container\"><p>The Snehalayam e.V. is a registered support association based in Berlin, dedicated to providing aid for a children's and orphanage home for children and older individuals in South India. In November 2009, our association was founded by 13 members, most of whom are still actively involved today. Currently, we have 89 members. As a member, you contribute an annual fee starting from \u20ac60, directly supporting the lives of the residents of the children's home. In recent years, additional funds have been raised through various activities such as sports tournaments, concerts, or bazaars. Of course, we also appreciate the many regular and one-time donations that have strengthened us over the years.<\/p><\/div><\/div>\t\t\t\t\t\t<\/div>\n\t\t\t\t<\/div>\n\t\t\t\t\t<\/div>\n\t\t<\/div>\n\t\t\t\t\t<\/div>\n\t\t<\/section>\n\t\t\t\t<section class=\"elementor-section elementor-top-section elementor-element elementor-element-89ed63d elementor-section-content-middle elementor-section-boxed elementor-section-height-default elementor-section-height-default\" data-id=\"89ed63d\" data-element_type=\"section\" data-settings=\"{&quot;background_background&quot;:&quot;classic&quot;}\">\n\t\t\t\t\t\t<div class=\"elementor-container elementor-column-gap-default\">\n\t\t\t\t\t<div class=\"elementor-column elementor-col-100 elementor-top-column elementor-element elementor-element-7c9ca74\" data-id=\"7c9ca74\" data-element_type=\"column\">\n\t\t\t<div class=\"elementor-widget-wrap elementor-element-populated\">\n\t\t\t\t\t\t<div class=\"elementor-element elementor-element-3159d7c elementor-widget__width-initial elementor-widget elementor-widget-text-editor\" data-id=\"3159d7c\" data-element_type=\"widget\" data-widget_type=\"text-editor.default\">\n\t\t\t\t<div class=\"elementor-widget-container\">\n\t\t\t\t\t\t\t<div class=\"elementor-element elementor-element-87c6f54 elementor-widget elementor-widget-text-editor\" data-id=\"87c6f54\" data-element_type=\"widget\" data-widget_type=\"text-editor.default\"><div class=\"elementor-widget-container\"><h5>Every membership fee and each donation directly reaches the children's and orphanage home in India and is transparently traceable through our annual financial reports.<\/h5><\/div><\/div>\t\t\t\t\t\t<\/div>\n\t\t\t\t<\/div>\n\t\t\t\t\t<\/div>\n\t\t<\/div>\n\t\t\t\t\t<\/div>\n\t\t<\/section>\n\t\t\t\t<section class=\"elementor-section elementor-top-section elementor-element elementor-element-d885ce7 elementor-section-boxed elementor-section-height-default elementor-section-height-default\" data-id=\"d885ce7\" data-element_type=\"section\">\n\t\t\t\t\t\t<div class=\"elementor-container elementor-column-gap-default\">\n\t\t\t\t\t<div class=\"elementor-column elementor-col-100 elementor-top-column elementor-element elementor-element-72ce990\" data-id=\"72ce990\" data-element_type=\"column\">\n\t\t\t<div class=\"elementor-widget-wrap elementor-element-populated\">\n\t\t\t\t\t\t<div class=\"elementor-element elementor-element-d26110c elementor-widget__width-initial elementor-widget elementor-widget-text-editor\" data-id=\"d26110c\" data-element_type=\"widget\" data-widget_type=\"text-editor.default\">\n\t\t\t\t<div class=\"elementor-widget-container\">\n\t\t\t\t\t\t\t<div class=\"elementor-element elementor-element-87c6f54 elementor-widget elementor-widget-text-editor\" data-id=\"87c6f54\" data-element_type=\"widget\" data-widget_type=\"text-editor.default\"><div class=\"elementor-widget-container\"><p>Our eight active members all work on a voluntary basis. They share various tasks within the association and meet regularly to discuss the current situation in India as well as activities and events organized in Berlin. The children's home is also occasionally visited by individual association members at their own expense. This helps us maintain close contact with the home manager, Leela, and gives us firsthand knowledge of the well-being of the children and older individuals in need. We also learn about projects or repairs on-site that urgently need funding.<\/p><\/div><\/div>\t\t\t\t\t\t<\/div>\n\t\t\t\t<\/div>\n\t\t\t\t\t<\/div>\n\t\t<\/div>\n\t\t\t\t\t<\/div>\n\t\t<\/section>\n\t\t\t\t<section class=\"elementor-section elementor-top-section elementor-element elementor-element-5b26d80 elementor-section-content-middle elementor-section-boxed elementor-section-height-default elementor-section-height-default\" data-id=\"5b26d80\" data-element_type=\"section\" data-settings=\"{&quot;background_background&quot;:&quot;classic&quot;}\">\n\t\t\t\t\t\t<div class=\"elementor-container elementor-column-gap-default\">\n\t\t\t\t\t<div class=\"elementor-column elementor-col-100 elementor-top-column elementor-element elementor-element-96ba445\" data-id=\"96ba445\" data-element_type=\"column\">\n\t\t\t<div class=\"elementor-widget-wrap elementor-element-populated\">\n\t\t\t\t\t\t<div class=\"elementor-element elementor-element-5452945 elementor-widget__width-initial elementor-widget elementor-widget-text-editor\" data-id=\"5452945\" data-element_type=\"widget\" data-widget_type=\"text-editor.default\">\n\t\t\t\t<div class=\"elementor-widget-container\">\n\t\t\t\t\t\t\t<div class=\"elementor-element elementor-element-87c6f54 elementor-widget elementor-widget-text-editor\" data-id=\"87c6f54\" data-element_type=\"widget\" data-widget_type=\"text-editor.default\">\n<div class=\"elementor-widget-container\">\n<h5>Unser F\u00f6rderverein Snehalayam e.V. pflegt au\u00dferdem seit Jahren eine wertvolle Partnerschaft mit dem engagierten Verein&nbsp;<a href=\"https:\/\/natpu-indienhilfe.de\/\" target=\"_blank\">Natpu-Indienhilfe e.V.<\/a>&nbsp;aus S\u00fcddeutschland.<\/h5>\n<\/div>\n<\/div>\t\t\t\t\t\t<\/div>\n\t\t\t\t<\/div>\n\t\t\t\t\t<\/div>\n\t\t<\/div>\n\t\t\t\t\t<\/div>\n\t\t<\/section>\n\t\t\t\t<section class=\"elementor-section elementor-top-section elementor-element elementor-element-913a46f elementor-section-boxed elementor-section-height-default elementor-section-height-default\" data-id=\"913a46f\" data-element_type=\"section\">\n\t\t\t\t\t\t<div class=\"elementor-container elementor-column-gap-default\">\n\t\t\t\t\t<div class=\"elementor-column elementor-col-50 elementor-top-column elementor-element elementor-element-f9fa21d\" data-id=\"f9fa21d\" data-element_type=\"column\" data-settings=\"{&quot;background_background&quot;:&quot;classic&quot;}\">\n\t\t\t<div class=\"elementor-widget-wrap elementor-element-populated\">\n\t\t\t\t\t\t<div class=\"elementor-element elementor-element-b3164ba elementor-widget elementor-widget-image\" data-id=\"b3164ba\" data-element_type=\"widget\" data-widget_type=\"image.default\">\n\t\t\t\t<div class=\"elementor-widget-container\">\n\t\t\t\t\t\t\t\t\t\t\t\t\t<img decoding=\"async\" width=\"1024\" height=\"568\" src=\"https:\/\/snehalayam.com\/wp-content\/uploads\/2023\/08\/aktive_mitglieder-scaled-e1692623081532-1024x568.jpg\" class=\"attachment-large size-large wp-image-2133\" alt=\"\" srcset=\"https:\/\/snehalayam.com\/wp-content\/uploads\/2023\/08\/aktive_mitglieder-scaled-e1692623081532-1024x568.jpg 1024w, https:\/\/snehalayam.com\/wp-content\/uploads\/2023\/08\/aktive_mitglieder-scaled-e1692623081532-300x166.jpg 300w, https:\/\/snehalayam.com\/wp-content\/uploads\/2023\/08\/aktive_mitglieder-scaled-e1692623081532-768x426.jpg 768w, https:\/\/snehalayam.com\/wp-content\/uploads\/2023\/08\/aktive_mitglieder-scaled-e1692623081532-1536x852.jpg 1536w, https:\/\/snehalayam.com\/wp-content\/uploads\/2023\/08\/aktive_mitglieder-scaled-e1692623081532-2048x1136.jpg 2048w, https:\/\/snehalayam.com\/wp-content\/uploads\/2023\/08\/aktive_mitglieder-scaled-e1692623081532-600x333.jpg 600w\" sizes=\"(max-width: 1024px) 100vw, 1024px\" \/>\t\t\t\t\t\t\t\t\t\t\t\t\t<\/div>\n\t\t\t\t<\/div>\n\t\t\t\t<div class=\"elementor-element elementor-element-cab0e92 elementor-widget elementor-widget-heading\" data-id=\"cab0e92\" data-element_type=\"widget\" data-widget_type=\"heading.default\">\n\t\t\t\t<div class=\"elementor-widget-container\">\n\t\t\t<h2 class=\"elementor-heading-title elementor-size-default\">Take a look at our active circle of members<\/h2>\t\t<\/div>\n\t\t\t\t<\/div>\n\t\t\t\t<div class=\"elementor-element elementor-element-867e77e elementor-widget elementor-widget-button\" data-id=\"867e77e\" data-element_type=\"widget\" data-widget_type=\"button.default\">\n\t\t\t\t<div class=\"elementor-widget-container\">\n\t\t\t\t\t<div class=\"elementor-button-wrapper\">\n\t\t\t<a class=\"elementor-button elementor-button-link elementor-size-xs elementor-animation-grow\" href=\"https:\/\/snehalayam.com\/en\/aktive-vereinsmitglieder\/\">\n\t\t\t\t\t\t<span class=\"elementor-button-content-wrapper\">\n\t\t\t\t\t\t\t\t\t<span class=\"elementor-button-text\">Click here<\/span>\n\t\t\t\t\t<\/span>\n\t\t\t\t\t<\/a>\n\t\t<\/div>\n\t\t\t\t<\/div>\n\t\t\t\t<\/div>\n\t\t\t\t\t<\/div>\n\t\t<\/div>\n\t\t\t\t<div class=\"elementor-column elementor-col-50 elementor-top-column elementor-element elementor-element-ba83341\" data-id=\"ba83341\" data-element_type=\"column\" data-settings=\"{&quot;background_background&quot;:&quot;classic&quot;}\">\n\t\t\t<div class=\"elementor-widget-wrap elementor-element-populated\">\n\t\t\t\t\t\t<div class=\"elementor-element elementor-element-1e5897a elementor-widget elementor-widget-image\" data-id=\"1e5897a\" data-element_type=\"widget\" data-widget_type=\"image.default\">\n\t\t\t\t<div class=\"elementor-widget-container\">\n\t\t\t\t\t\t\t\t\t\t\t\t\t<img decoding=\"async\" width=\"1024\" height=\"683\" src=\"https:\/\/snehalayam.com\/wp-content\/uploads\/2023\/08\/verein-entstehung-1024x683.jpg\" class=\"attachment-large size-large wp-image-2148\" alt=\"\" srcset=\"https:\/\/snehalayam.com\/wp-content\/uploads\/2023\/08\/verein-entstehung-1024x683.jpg 1024w, https:\/\/snehalayam.com\/wp-content\/uploads\/2023\/08\/verein-entstehung-300x200.jpg 300w, https:\/\/snehalayam.com\/wp-content\/uploads\/2023\/08\/verein-entstehung-768x512.jpg 768w, https:\/\/snehalayam.com\/wp-content\/uploads\/2023\/08\/verein-entstehung-1536x1024.jpg 1536w, https:\/\/snehalayam.com\/wp-content\/uploads\/2023\/08\/verein-entstehung-2048x1365.jpg 2048w, https:\/\/snehalayam.com\/wp-content\/uploads\/2023\/08\/verein-entstehung-600x400.jpg 600w\" sizes=\"(max-width: 1024px) 100vw, 1024px\" \/>\t\t\t\t\t\t\t\t\t\t\t\t\t<\/div>\n\t\t\t\t<\/div>\n\t\t\t\t<div class=\"elementor-element elementor-element-9eddef9 elementor-widget elementor-widget-heading\" data-id=\"9eddef9\" data-element_type=\"widget\" data-widget_type=\"heading.default\">\n\t\t\t\t<div class=\"elementor-widget-container\">\n\t\t\t<h2 class=\"elementor-heading-title elementor-size-default\">Learn more about our founding history<\/h2>\t\t<\/div>\n\t\t\t\t<\/div>\n\t\t\t\t<div class=\"elementor-element elementor-element-67eb11b elementor-widget elementor-widget-button\" data-id=\"67eb11b\" data-element_type=\"widget\" data-widget_type=\"button.default\">\n\t\t\t\t<div class=\"elementor-widget-container\">\n\t\t\t\t\t<div class=\"elementor-button-wrapper\">\n\t\t\t<a class=\"elementor-button elementor-button-link elementor-size-xs elementor-animation-grow\" href=\"https:\/\/snehalayam.com\/en\/verein-entstehungsgeschichte\/\">\n\t\t\t\t\t\t<span class=\"elementor-button-content-wrapper\">\n\t\t\t\t\t\t\t\t\t<span class=\"elementor-button-text\">Click here<\/span>\n\t\t\t\t\t<\/span>\n\t\t\t\t\t<\/a>\n\t\t<\/div>\n\t\t\t\t<\/div>\n\t\t\t\t<\/div>\n\t\t\t\t\t<\/div>\n\t\t<\/div>\n\t\t\t\t\t<\/div>\n\t\t<\/section>\n\t\t\t\t<\/div>","protected":false},"excerpt":{"rendered":"<p>Unsere Arbeit Unsere Arbeit Der Snehalayam e.V. ist ein eingetragener F\u00f6rderverein mit Sitz in Berlin, der es sich zum Ziel gesetzt hat, ehrenamtlich ein Kinder- und Waisenheim f\u00fcr Kinder und \u00e4ltere Hilfsbed\u00fcrftige in S\u00fcdindien zu unterst\u00fctzen. Im November 2009 wurde unser Verein durch 13 Gr\u00fcndungsmitglieder ins Leben gerufen, von denen die meisten heute noch aktiv [&hellip;]<\/p>","protected":false},"author":1,"featured_media":0,"parent":0,"menu_order":0,"comment_status":"closed","ping_status":"closed","template":"","meta":{"footnotes":""},"_links":{"self":[{"href":"https:\/\/snehalayam.com\/en\/wp-json\/wp\/v2\/pages\/1502"}],"collection":[{"href":"https:\/\/snehalayam.com\/en\/wp-json\/wp\/v2\/pages"}],"about":[{"href":"https:\/\/snehalayam.com\/en\/wp-json\/wp\/v2\/types\/page"}],"author":[{"embeddable":true,"href":"https:\/\/snehalayam.com\/en\/wp-json\/wp\/v2\/users\/1"}],"replies":[{"embeddable":true,"href":"https:\/\/snehalayam.com\/en\/wp-json\/wp\/v2\/comments?post=1502"}],"version-history":[{"count":334,"href":"https:\/\/snehalayam.com\/en\/wp-json\/wp\/v2\/pages\/1502\/revisions"}],"predecessor-version":[{"id":4005,"href":"https:\/\/snehalayam.com\/en\/wp-json\/wp\/v2\/pages\/1502\/revisions\/4005"}],"wp:attachment":[{"href":"https:\/\/snehalayam.com\/en\/wp-json\/wp\/v2\/media?parent=1502"}],"curies":[{"name":"wp","href":"https:\/\/api.w.org\/{rel}","templated":true}]}}