{"id":1956,"date":"2023-08-19T22:31:32","date_gmt":"2023-08-19T20:31:32","guid":{"rendered":"https:\/\/snehalayam.com\/?page_id=1956"},"modified":"2023-11-06T22:09:51","modified_gmt":"2023-11-06T21:09:51","slug":"kinderheim","status":"publish","type":"page","link":"https:\/\/snehalayam.com\/en\/kinderheim\/","title":{"rendered":"Children's home"},"content":{"rendered":"<div data-elementor-type=\"wp-page\" data-elementor-id=\"1956\" class=\"elementor elementor-1956\" data-elementor-post-type=\"page\">\n\t\t\t\t\t\t<section class=\"elementor-section elementor-top-section elementor-element elementor-element-69db29d elementor-section-full_width elementor-section-stretched elementor-section-height-default elementor-section-height-default\" data-id=\"69db29d\" data-element_type=\"section\" data-settings=\"{&quot;stretch_section&quot;:&quot;section-stretched&quot;}\">\n\t\t\t\t\t\t<div class=\"elementor-container elementor-column-gap-default\">\n\t\t\t\t\t<div class=\"elementor-column elementor-col-100 elementor-top-column elementor-element elementor-element-38da48bf\" data-id=\"38da48bf\" data-element_type=\"column\">\n\t\t\t<div class=\"elementor-widget-wrap elementor-element-populated\">\n\t\t\t\t\t\t<div class=\"elementor-element elementor-element-38cd6b0b animated-slow elementor-invisible elementor-widget elementor-widget-image\" data-id=\"38cd6b0b\" data-element_type=\"widget\" data-settings=\"{&quot;_animation&quot;:&quot;fadeIn&quot;}\" data-widget_type=\"image.default\">\n\t\t\t\t<div class=\"elementor-widget-container\">\n\t\t\t<style>\/*! elementor - v3.21.0 - 08-05-2024 *\/\n.elementor-widget-image{text-align:center}.elementor-widget-image a{display:inline-block}.elementor-widget-image a img[src$=\".svg\"]{width:48px}.elementor-widget-image img{vertical-align:middle;display:inline-block}<\/style>\t\t\t\t\t\t\t\t\t\t<img fetchpriority=\"high\" decoding=\"async\" width=\"2048\" height=\"1364\" src=\"https:\/\/snehalayam.com\/wp-content\/uploads\/2023\/08\/waisenhaus-4-2048x1364.jpg\" class=\"attachment-2048x2048 size-2048x2048 wp-image-2160\" alt=\"\" srcset=\"https:\/\/snehalayam.com\/wp-content\/uploads\/2023\/08\/waisenhaus-4-2048x1364.jpg 2048w, https:\/\/snehalayam.com\/wp-content\/uploads\/2023\/08\/waisenhaus-4-300x200.jpg 300w, https:\/\/snehalayam.com\/wp-content\/uploads\/2023\/08\/waisenhaus-4-1024x682.jpg 1024w, https:\/\/snehalayam.com\/wp-content\/uploads\/2023\/08\/waisenhaus-4-768x511.jpg 768w, https:\/\/snehalayam.com\/wp-content\/uploads\/2023\/08\/waisenhaus-4-1536x1023.jpg 1536w, https:\/\/snehalayam.com\/wp-content\/uploads\/2023\/08\/waisenhaus-4-600x400.jpg 600w\" sizes=\"(max-width: 2048px) 100vw, 2048px\" \/>\t\t\t\t\t\t\t\t\t\t\t\t\t<\/div>\n\t\t\t\t<\/div>\n\t\t\t\t\t<\/div>\n\t\t<\/div>\n\t\t\t\t\t<\/div>\n\t\t<\/section>\n\t\t\t\t<section class=\"elementor-section elementor-top-section elementor-element elementor-element-cc6d98a elementor-section-content-top elementor-hidden-mobile elementor-section-boxed elementor-section-height-default elementor-section-height-default\" data-id=\"cc6d98a\" data-element_type=\"section\">\n\t\t\t\t\t\t<div class=\"elementor-container elementor-column-gap-default\">\n\t\t\t\t\t<div class=\"elementor-column elementor-col-100 elementor-top-column elementor-element elementor-element-4edde081\" data-id=\"4edde081\" data-element_type=\"column\">\n\t\t\t<div class=\"elementor-widget-wrap elementor-element-populated\">\n\t\t\t\t\t\t<div class=\"elementor-element elementor-element-5a0f047c animated-slow elementor-invisible elementor-widget elementor-widget-heading\" data-id=\"5a0f047c\" data-element_type=\"widget\" data-settings=\"{&quot;_animation&quot;:&quot;fadeIn&quot;}\" data-widget_type=\"heading.default\">\n\t\t\t\t<div class=\"elementor-widget-container\">\n\t\t\t<style>\/*! elementor - v3.21.0 - 08-05-2024 *\/\n.elementor-heading-title{padding:0;margin:0;line-height:1}.elementor-widget-heading .elementor-heading-title[class*=elementor-size-]>a{color:inherit;font-size:inherit;line-height:inherit}.elementor-widget-heading .elementor-heading-title.elementor-size-small{font-size:15px}.elementor-widget-heading .elementor-heading-title.elementor-size-medium{font-size:19px}.elementor-widget-heading .elementor-heading-title.elementor-size-large{font-size:29px}.elementor-widget-heading .elementor-heading-title.elementor-size-xl{font-size:39px}.elementor-widget-heading .elementor-heading-title.elementor-size-xxl{font-size:59px}<\/style><h2 class=\"elementor-heading-title elementor-size-xl\">Children's and orphanage home<\/h2>\t\t<\/div>\n\t\t\t\t<\/div>\n\t\t\t\t\t<\/div>\n\t\t<\/div>\n\t\t\t\t\t<\/div>\n\t\t<\/section>\n\t\t\t\t<section class=\"elementor-section elementor-top-section elementor-element elementor-element-38ee2e78 elementor-hidden-desktop elementor-hidden-tablet elementor-section-boxed elementor-section-height-default elementor-section-height-default\" data-id=\"38ee2e78\" data-element_type=\"section\">\n\t\t\t\t\t\t<div class=\"elementor-container elementor-column-gap-default\">\n\t\t\t\t\t<div class=\"elementor-column elementor-col-100 elementor-top-column elementor-element elementor-element-17523a4e\" data-id=\"17523a4e\" data-element_type=\"column\">\n\t\t\t<div class=\"elementor-widget-wrap elementor-element-populated\">\n\t\t\t\t\t\t<div class=\"elementor-element elementor-element-393f921b elementor-hidden-desktop elementor-hidden-tablet elementor-widget elementor-widget-heading\" data-id=\"393f921b\" data-element_type=\"widget\" data-widget_type=\"heading.default\">\n\t\t\t\t<div class=\"elementor-widget-container\">\n\t\t\t<h1 class=\"elementor-heading-title elementor-size-medium\">Children's and orphanage home<\/h1>\t\t<\/div>\n\t\t\t\t<\/div>\n\t\t\t\t\t<\/div>\n\t\t<\/div>\n\t\t\t\t\t<\/div>\n\t\t<\/section>\n\t\t\t\t<section class=\"elementor-section elementor-top-section elementor-element elementor-element-72c066f7 elementor-section-boxed elementor-section-height-default elementor-section-height-default\" data-id=\"72c066f7\" data-element_type=\"section\">\n\t\t\t\t\t\t<div class=\"elementor-container elementor-column-gap-default\">\n\t\t\t\t\t<div class=\"elementor-column elementor-col-100 elementor-top-column elementor-element elementor-element-364c3512\" data-id=\"364c3512\" data-element_type=\"column\">\n\t\t\t<div class=\"elementor-widget-wrap elementor-element-populated\">\n\t\t\t\t\t\t<div class=\"elementor-element elementor-element-1c6b8ccd elementor-widget__width-initial elementor-widget elementor-widget-text-editor\" data-id=\"1c6b8ccd\" data-element_type=\"widget\" data-widget_type=\"text-editor.default\">\n\t\t\t\t<div class=\"elementor-widget-container\">\n\t\t\t<style>\/*! elementor - v3.21.0 - 08-05-2024 *\/\n.elementor-widget-text-editor.elementor-drop-cap-view-stacked .elementor-drop-cap{background-color:#69727d;color:#fff}.elementor-widget-text-editor.elementor-drop-cap-view-framed .elementor-drop-cap{color:#69727d;border:3px solid;background-color:transparent}.elementor-widget-text-editor:not(.elementor-drop-cap-view-default) .elementor-drop-cap{margin-top:8px}.elementor-widget-text-editor:not(.elementor-drop-cap-view-default) .elementor-drop-cap-letter{width:1em;height:1em}.elementor-widget-text-editor .elementor-drop-cap{float:left;text-align:center;line-height:1;font-size:50px}.elementor-widget-text-editor .elementor-drop-cap-letter{display:inline-block}<\/style>\t\t\t\t<div class=\"elementor-element elementor-element-87c6f54 elementor-widget elementor-widget-text-editor\" data-id=\"87c6f54\" data-element_type=\"widget\" data-widget_type=\"text-editor.default\">\n<div class=\"elementor-widget-container\">\n<p class=\" translation-block\">The focus of the Snehalayam family is on the 12 children aged 3 to 18, many of whom were taken into the children's and orphanage home at a young age as orphans or from difficult family situations. This is often due to precarious conditions such as violence within the family or a lack of money for sufficient food and education. Over the years, the home has also provided a home for adults in need. The highly dedicated home manager, Leela, and other staff members are responsible for cooking, shopping, and above all, the loving care and support of the children and those in need.<\/p>\n<\/div>\n<\/div>\t\t\t\t\t\t<\/div>\n\t\t\t\t<\/div>\n\t\t\t\t\t<\/div>\n\t\t<\/div>\n\t\t\t\t\t<\/div>\n\t\t<\/section>\n\t\t\t\t<section class=\"elementor-section elementor-top-section elementor-element elementor-element-325152e3 elementor-section-content-middle elementor-section-boxed elementor-section-height-default elementor-section-height-default\" data-id=\"325152e3\" data-element_type=\"section\" data-settings=\"{&quot;background_background&quot;:&quot;classic&quot;}\">\n\t\t\t\t\t\t<div class=\"elementor-container elementor-column-gap-default\">\n\t\t\t\t\t<div class=\"elementor-column elementor-col-100 elementor-top-column elementor-element elementor-element-53fd8870\" data-id=\"53fd8870\" data-element_type=\"column\">\n\t\t\t<div class=\"elementor-widget-wrap elementor-element-populated\">\n\t\t\t\t\t\t<div class=\"elementor-element elementor-element-4e236e3c elementor-widget__width-initial elementor-widget elementor-widget-text-editor\" data-id=\"4e236e3c\" data-element_type=\"widget\" data-widget_type=\"text-editor.default\">\n\t\t\t\t<div class=\"elementor-widget-container\">\n\t\t\t\t\t\t\t<div class=\"elementor-element elementor-element-87c6f54 elementor-widget elementor-widget-text-editor\" data-id=\"87c6f54\" data-element_type=\"widget\" data-widget_type=\"text-editor.default\"><div class=\"elementor-widget-container\"><h5 class=\" translation-block\">The children's and orphanage home Snehalayam, founded in April 2001, is located on the southeast coast of India, south of Chennai near Puducherry.<\/h5><\/div><\/div>\t\t\t\t\t\t<\/div>\n\t\t\t\t<\/div>\n\t\t\t\t\t<\/div>\n\t\t<\/div>\n\t\t\t\t\t<\/div>\n\t\t<\/section>\n\t\t\t\t<section class=\"elementor-section elementor-top-section elementor-element elementor-element-35b930b7 elementor-section-boxed elementor-section-height-default elementor-section-height-default\" data-id=\"35b930b7\" data-element_type=\"section\">\n\t\t\t\t\t\t<div class=\"elementor-container elementor-column-gap-default\">\n\t\t\t\t\t<div class=\"elementor-column elementor-col-100 elementor-top-column elementor-element elementor-element-1daef1a8\" data-id=\"1daef1a8\" data-element_type=\"column\">\n\t\t\t<div class=\"elementor-widget-wrap elementor-element-populated\">\n\t\t\t\t\t\t<div class=\"elementor-element elementor-element-34b88769 elementor-widget__width-initial elementor-widget elementor-widget-text-editor\" data-id=\"34b88769\" data-element_type=\"widget\" data-widget_type=\"text-editor.default\">\n\t\t\t\t<div class=\"elementor-widget-container\">\n\t\t\t\t\t\t\t<div data-id=\"87c6f54\" data-element_type=\"widget\" data-widget_type=\"text-editor.default\"><div><p class=\" translation-block\">Until 2020, the approximately 500 m\u00b2 property with a living space of around 230 m\u00b2 provided a shared home for all the children, adults in need, and staff. To accommodate the growing family, another house in close proximity was rented for the older individuals in need.<\/p><\/div><\/div>\t\t\t\t\t\t<\/div>\n\t\t\t\t<\/div>\n\t\t\t\t\t<\/div>\n\t\t<\/div>\n\t\t\t\t\t<\/div>\n\t\t<\/section>\n\t\t\t\t<section class=\"elementor-section elementor-top-section elementor-element elementor-element-42686f4a elementor-section-content-middle elementor-section-boxed elementor-section-height-default elementor-section-height-default\" data-id=\"42686f4a\" data-element_type=\"section\" data-settings=\"{&quot;background_background&quot;:&quot;classic&quot;}\">\n\t\t\t\t\t\t<div class=\"elementor-container elementor-column-gap-default\">\n\t\t\t\t\t<div class=\"elementor-column elementor-col-100 elementor-top-column elementor-element elementor-element-23ecb134\" data-id=\"23ecb134\" data-element_type=\"column\">\n\t\t\t<div class=\"elementor-widget-wrap elementor-element-populated\">\n\t\t\t\t\t\t<div class=\"elementor-element elementor-element-65673a32 elementor-widget__width-initial elementor-widget elementor-widget-text-editor\" data-id=\"65673a32\" data-element_type=\"widget\" data-widget_type=\"text-editor.default\">\n\t\t\t\t<div class=\"elementor-widget-container\">\n\t\t\t\t\t\t\t<div class=\"elementor-element elementor-element-87c6f54 elementor-widget elementor-widget-text-editor\" data-id=\"87c6f54\" data-element_type=\"widget\" data-widget_type=\"text-editor.default\"><div class=\"elementor-widget-container\"><h5><span data-contrast=\"auto\">The living conditions in the children's and orphanage home are simple.<\/span><\/h5><\/div><\/div>\t\t\t\t\t\t<\/div>\n\t\t\t\t<\/div>\n\t\t\t\t\t<\/div>\n\t\t<\/div>\n\t\t\t\t\t<\/div>\n\t\t<\/section>\n\t\t\t\t<section class=\"elementor-section elementor-top-section elementor-element elementor-element-2f828d5 elementor-section-boxed elementor-section-height-default elementor-section-height-default\" data-id=\"2f828d5\" data-element_type=\"section\">\n\t\t\t\t\t\t<div class=\"elementor-container elementor-column-gap-default\">\n\t\t\t\t\t<div class=\"elementor-column elementor-col-100 elementor-top-column elementor-element elementor-element-4e7d369\" data-id=\"4e7d369\" data-element_type=\"column\">\n\t\t\t<div class=\"elementor-widget-wrap elementor-element-populated\">\n\t\t\t\t\t\t<div class=\"elementor-element elementor-element-d9030b3 elementor-widget__width-initial elementor-widget elementor-widget-text-editor\" data-id=\"d9030b3\" data-element_type=\"widget\" data-widget_type=\"text-editor.default\">\n\t\t\t\t<div class=\"elementor-widget-container\">\n\t\t\t\t\t\t\t<div data-id=\"87c6f54\" data-element_type=\"widget\" data-widget_type=\"text-editor.default\"><div><p><span data-contrast=\"auto\">For years, the financial support from our association has provided the residents with basic necessities such as healthy nutrition, medical assistance, clothing, and hygiene products. It also enables every child to attend school and offers teenagers opportunities for further education, for example, at the nearby university. The first of them have already graduated, and it is heartening to witness their continued connection to the children's home.\u00a0<\/span><span data-ccp-props=\"{&quot;201341983&quot;:0,&quot;335559739&quot;:160,&quot;335559740&quot;:259}\"><br \/><\/span><\/p><\/div><p><span data-contrast=\"auto\">The children's home exclusively accommodates male children. This is because gender segregation is still prevalent in India today. During our visits to India, we had the opportunity to learn about some girls' orphanages in the vicinity, and we share the conviction that this gender segregation significantly contributes to the protection and care of each child in a group aged between 3 and 18.\u00a0<\/span><span data-ccp-props=\"{&quot;201341983&quot;:0,&quot;335559739&quot;:160,&quot;335559740&quot;:259}\"> <br \/><\/span><\/p><\/div>\t\t\t\t\t\t<\/div>\n\t\t\t\t<\/div>\n\t\t\t\t\t<\/div>\n\t\t<\/div>\n\t\t\t\t\t<\/div>\n\t\t<\/section>\n\t\t\t\t<section class=\"elementor-section elementor-top-section elementor-element elementor-element-9d79746 elementor-section-content-middle elementor-section-boxed elementor-section-height-default elementor-section-height-default\" data-id=\"9d79746\" data-element_type=\"section\" data-settings=\"{&quot;background_background&quot;:&quot;classic&quot;}\">\n\t\t\t\t\t\t<div class=\"elementor-container elementor-column-gap-default\">\n\t\t\t\t\t<div class=\"elementor-column elementor-col-100 elementor-top-column elementor-element elementor-element-76487b3\" data-id=\"76487b3\" data-element_type=\"column\">\n\t\t\t<div class=\"elementor-widget-wrap elementor-element-populated\">\n\t\t\t\t\t\t<div class=\"elementor-element elementor-element-b6a2d06 elementor-widget__width-initial elementor-widget elementor-widget-text-editor\" data-id=\"b6a2d06\" data-element_type=\"widget\" data-widget_type=\"text-editor.default\">\n\t\t\t\t<div class=\"elementor-widget-container\">\n\t\t\t\t\t\t\t<div class=\"elementor-element elementor-element-87c6f54 elementor-widget elementor-widget-text-editor\" data-id=\"87c6f54\" data-element_type=\"widget\" data-widget_type=\"text-editor.default\"><div class=\"elementor-widget-container\"><h5 class=\" translation-block\">Many of our active members have been able to gather personal experiences at the children's home over the years and look forward to sharing them also with you.<\/h5><\/div><\/div>\t\t\t\t\t\t<\/div>\n\t\t\t\t<\/div>\n\t\t\t\t\t<\/div>\n\t\t<\/div>\n\t\t\t\t\t<\/div>\n\t\t<\/section>\n\t\t\t\t<section class=\"elementor-section elementor-top-section elementor-element elementor-element-46ff5400 elementor-section-boxed elementor-section-height-default elementor-section-height-default\" data-id=\"46ff5400\" data-element_type=\"section\">\n\t\t\t\t\t\t<div class=\"elementor-container elementor-column-gap-default\">\n\t\t\t\t\t<div class=\"elementor-column elementor-col-33 elementor-top-column elementor-element elementor-element-37c02c29\" data-id=\"37c02c29\" data-element_type=\"column\" data-settings=\"{&quot;background_background&quot;:&quot;classic&quot;}\">\n\t\t\t<div class=\"elementor-widget-wrap elementor-element-populated\">\n\t\t\t\t\t\t<div class=\"elementor-element elementor-element-a21f04c elementor-widget elementor-widget-image\" data-id=\"a21f04c\" data-element_type=\"widget\" data-widget_type=\"image.default\">\n\t\t\t\t<div class=\"elementor-widget-container\">\n\t\t\t\t\t\t\t\t\t\t\t\t\t<img decoding=\"async\" width=\"1024\" height=\"768\" src=\"https:\/\/snehalayam.com\/wp-content\/uploads\/2023\/08\/alltag_im_waisenhaus-1024x768.jpg\" class=\"attachment-large size-large wp-image-2167\" alt=\"\" srcset=\"https:\/\/snehalayam.com\/wp-content\/uploads\/2023\/08\/alltag_im_waisenhaus-1024x768.jpg 1024w, https:\/\/snehalayam.com\/wp-content\/uploads\/2023\/08\/alltag_im_waisenhaus-300x225.jpg 300w, https:\/\/snehalayam.com\/wp-content\/uploads\/2023\/08\/alltag_im_waisenhaus-768x576.jpg 768w, https:\/\/snehalayam.com\/wp-content\/uploads\/2023\/08\/alltag_im_waisenhaus-600x450.jpg 600w, https:\/\/snehalayam.com\/wp-content\/uploads\/2023\/08\/alltag_im_waisenhaus.jpg 1439w\" sizes=\"(max-width: 1024px) 100vw, 1024px\" \/>\t\t\t\t\t\t\t\t\t\t\t\t\t<\/div>\n\t\t\t\t<\/div>\n\t\t\t\t<div class=\"elementor-element elementor-element-3a4ecd1e elementor-widget elementor-widget-heading\" data-id=\"3a4ecd1e\" data-element_type=\"widget\" data-widget_type=\"heading.default\">\n\t\t\t\t<div class=\"elementor-widget-container\">\n\t\t\t<h2 class=\"elementor-heading-title elementor-size-default\">Get an insight into the daily life of the children's home<\/h2>\t\t<\/div>\n\t\t\t\t<\/div>\n\t\t\t\t<div class=\"elementor-element elementor-element-3439b455 elementor-align-left elementor-widget elementor-widget-button\" data-id=\"3439b455\" data-element_type=\"widget\" data-widget_type=\"button.default\">\n\t\t\t\t<div class=\"elementor-widget-container\">\n\t\t\t\t\t<div class=\"elementor-button-wrapper\">\n\t\t\t<a class=\"elementor-button elementor-button-link elementor-size-xs elementor-animation-grow\" href=\"https:\/\/snehalayam.com\/en\/alltag-im-kinderheim\/\">\n\t\t\t\t\t\t<span class=\"elementor-button-content-wrapper\">\n\t\t\t\t\t\t\t\t\t<span class=\"elementor-button-text\">Click here<\/span>\n\t\t\t\t\t<\/span>\n\t\t\t\t\t<\/a>\n\t\t<\/div>\n\t\t\t\t<\/div>\n\t\t\t\t<\/div>\n\t\t\t\t\t<\/div>\n\t\t<\/div>\n\t\t\t\t<div class=\"elementor-column elementor-col-33 elementor-top-column elementor-element elementor-element-1cdb39d3\" data-id=\"1cdb39d3\" data-element_type=\"column\" data-settings=\"{&quot;background_background&quot;:&quot;classic&quot;}\">\n\t\t\t<div class=\"elementor-widget-wrap elementor-element-populated\">\n\t\t\t\t\t\t<div class=\"elementor-element elementor-element-581f0daf elementor-widget elementor-widget-image\" data-id=\"581f0daf\" data-element_type=\"widget\" data-widget_type=\"image.default\">\n\t\t\t\t<div class=\"elementor-widget-container\">\n\t\t\t\t\t\t\t\t\t\t\t\t\t<img decoding=\"async\" width=\"1024\" height=\"683\" src=\"https:\/\/snehalayam.com\/wp-content\/uploads\/2023\/10\/entstehung_des_waisenhauses-Kopie-1024x683.jpg\" class=\"attachment-large size-large wp-image-2690\" alt=\"\" srcset=\"https:\/\/snehalayam.com\/wp-content\/uploads\/2023\/10\/entstehung_des_waisenhauses-Kopie-1024x683.jpg 1024w, https:\/\/snehalayam.com\/wp-content\/uploads\/2023\/10\/entstehung_des_waisenhauses-Kopie-300x200.jpg 300w, https:\/\/snehalayam.com\/wp-content\/uploads\/2023\/10\/entstehung_des_waisenhauses-Kopie-768x512.jpg 768w, https:\/\/snehalayam.com\/wp-content\/uploads\/2023\/10\/entstehung_des_waisenhauses-Kopie-1536x1024.jpg 1536w, https:\/\/snehalayam.com\/wp-content\/uploads\/2023\/10\/entstehung_des_waisenhauses-Kopie-2048x1365.jpg 2048w, https:\/\/snehalayam.com\/wp-content\/uploads\/2023\/10\/entstehung_des_waisenhauses-Kopie-600x400.jpg 600w\" sizes=\"(max-width: 1024px) 100vw, 1024px\" \/>\t\t\t\t\t\t\t\t\t\t\t\t\t<\/div>\n\t\t\t\t<\/div>\n\t\t\t\t<div class=\"elementor-element elementor-element-6f459640 elementor-widget elementor-widget-heading\" data-id=\"6f459640\" data-element_type=\"widget\" data-widget_type=\"heading.default\">\n\t\t\t\t<div class=\"elementor-widget-container\">\n\t\t\t<h2 class=\"elementor-heading-title elementor-size-default\">Get to know the founder and the home's establishment<\/h2>\t\t<\/div>\n\t\t\t\t<\/div>\n\t\t\t\t<div class=\"elementor-element elementor-element-68f6840e elementor-align-left elementor-widget elementor-widget-button\" data-id=\"68f6840e\" data-element_type=\"widget\" data-widget_type=\"button.default\">\n\t\t\t\t<div class=\"elementor-widget-container\">\n\t\t\t\t\t<div class=\"elementor-button-wrapper\">\n\t\t\t<a class=\"elementor-button elementor-button-link elementor-size-xs elementor-animation-grow\" href=\"https:\/\/snehalayam.com\/en\/entstehung-des-kinderheims\/\">\n\t\t\t\t\t\t<span class=\"elementor-button-content-wrapper\">\n\t\t\t\t\t\t\t\t\t<span class=\"elementor-button-text\">Click here<\/span>\n\t\t\t\t\t<\/span>\n\t\t\t\t\t<\/a>\n\t\t<\/div>\n\t\t\t\t<\/div>\n\t\t\t\t<\/div>\n\t\t\t\t\t<\/div>\n\t\t<\/div>\n\t\t\t\t<div class=\"elementor-column elementor-col-33 elementor-top-column elementor-element elementor-element-3e603f53\" data-id=\"3e603f53\" data-element_type=\"column\" data-settings=\"{&quot;background_background&quot;:&quot;classic&quot;}\">\n\t\t\t<div class=\"elementor-widget-wrap elementor-element-populated\">\n\t\t\t\t\t\t<div class=\"elementor-element elementor-element-b8d3e00 elementor-widget elementor-widget-image\" data-id=\"b8d3e00\" data-element_type=\"widget\" data-widget_type=\"image.default\">\n\t\t\t\t<div class=\"elementor-widget-container\">\n\t\t\t\t\t\t\t\t\t\t\t\t\t<img loading=\"lazy\" decoding=\"async\" width=\"1024\" height=\"576\" src=\"https:\/\/snehalayam.com\/wp-content\/uploads\/2023\/08\/DSC02542-1024x576.jpg\" class=\"attachment-large size-large wp-image-1756\" alt=\"\" srcset=\"https:\/\/snehalayam.com\/wp-content\/uploads\/2023\/08\/DSC02542-1024x576.jpg 1024w, https:\/\/snehalayam.com\/wp-content\/uploads\/2023\/08\/DSC02542-300x169.jpg 300w, https:\/\/snehalayam.com\/wp-content\/uploads\/2023\/08\/DSC02542-768x432.jpg 768w, https:\/\/snehalayam.com\/wp-content\/uploads\/2023\/08\/DSC02542-1536x864.jpg 1536w, https:\/\/snehalayam.com\/wp-content\/uploads\/2023\/08\/DSC02542-600x338.jpg 600w, https:\/\/snehalayam.com\/wp-content\/uploads\/2023\/08\/DSC02542.jpg 1920w\" sizes=\"(max-width: 1024px) 100vw, 1024px\" \/>\t\t\t\t\t\t\t\t\t\t\t\t\t<\/div>\n\t\t\t\t<\/div>\n\t\t\t\t<div class=\"elementor-element elementor-element-53200429 elementor-widget elementor-widget-heading\" data-id=\"53200429\" data-element_type=\"widget\" data-widget_type=\"heading.default\">\n\t\t\t\t<div class=\"elementor-widget-container\">\n\t\t\t<h2 class=\"elementor-heading-title elementor-size-default\">Take a look at the circle of supporters of the home<\/h2>\t\t<\/div>\n\t\t\t\t<\/div>\n\t\t\t\t<div class=\"elementor-element elementor-element-6d939954 elementor-align-left elementor-widget elementor-widget-button\" data-id=\"6d939954\" data-element_type=\"widget\" data-widget_type=\"button.default\">\n\t\t\t\t<div class=\"elementor-widget-container\">\n\t\t\t\t\t<div class=\"elementor-button-wrapper\">\n\t\t\t<a class=\"elementor-button elementor-button-link elementor-size-xs elementor-animation-grow\" href=\"https:\/\/snehalayam.com\/en\/unterstuetzerkreis\/\">\n\t\t\t\t\t\t<span class=\"elementor-button-content-wrapper\">\n\t\t\t\t\t\t\t\t\t<span class=\"elementor-button-text\">Click here<\/span>\n\t\t\t\t\t<\/span>\n\t\t\t\t\t<\/a>\n\t\t<\/div>\n\t\t\t\t<\/div>\n\t\t\t\t<\/div>\n\t\t\t\t\t<\/div>\n\t\t<\/div>\n\t\t\t\t\t<\/div>\n\t\t<\/section>\n\t\t\t\t<\/div>","protected":false},"excerpt":{"rendered":"<p>Kinder- und Waisenheim Kinder- und Waisenheim Im Fokus der Familie Snehalayam stehen die heute 12 Kinder im Alter zwischen 3 und 18 Jahren, von denen viele schon im Kleinkindalter als Waisen oder aus anderen schwierigen Familienverh\u00e4ltnissen im Kinder- und Waisenheim aufgenommen wurden. Dies ist oft prek\u00e4ren Zust\u00e4nden, wie Gewalt innerhalb der Familie oder dem Mangel [&hellip;]<\/p>","protected":false},"author":1,"featured_media":0,"parent":0,"menu_order":0,"comment_status":"closed","ping_status":"closed","template":"","meta":{"footnotes":""},"_links":{"self":[{"href":"https:\/\/snehalayam.com\/en\/wp-json\/wp\/v2\/pages\/1956"}],"collection":[{"href":"https:\/\/snehalayam.com\/en\/wp-json\/wp\/v2\/pages"}],"about":[{"href":"https:\/\/snehalayam.com\/en\/wp-json\/wp\/v2\/types\/page"}],"author":[{"embeddable":true,"href":"https:\/\/snehalayam.com\/en\/wp-json\/wp\/v2\/users\/1"}],"replies":[{"embeddable":true,"href":"https:\/\/snehalayam.com\/en\/wp-json\/wp\/v2\/comments?post=1956"}],"version-history":[{"count":163,"href":"https:\/\/snehalayam.com\/en\/wp-json\/wp\/v2\/pages\/1956\/revisions"}],"predecessor-version":[{"id":3909,"href":"https:\/\/snehalayam.com\/en\/wp-json\/wp\/v2\/pages\/1956\/revisions\/3909"}],"wp:attachment":[{"href":"https:\/\/snehalayam.com\/en\/wp-json\/wp\/v2\/media?parent=1956"}],"curies":[{"name":"wp","href":"https:\/\/api.w.org\/{rel}","templated":true}]}}