{"id":1996,"date":"2023-08-19T23:40:09","date_gmt":"2023-08-19T21:40:09","guid":{"rendered":"https:\/\/snehalayam.com\/?page_id=1996"},"modified":"2023-11-06T14:18:07","modified_gmt":"2023-11-06T13:18:07","slug":"unterstuetzerkreis","status":"publish","type":"page","link":"https:\/\/snehalayam.com\/en\/unterstuetzerkreis\/","title":{"rendered":"Circle of supporters"},"content":{"rendered":"<div data-elementor-type=\"wp-page\" data-elementor-id=\"1996\" class=\"elementor elementor-1996\" data-elementor-post-type=\"page\">\n\t\t\t\t\t\t<section class=\"elementor-section elementor-top-section elementor-element elementor-element-306ed5d2 elementor-section-full_width elementor-section-stretched elementor-section-height-default elementor-section-height-default\" data-id=\"306ed5d2\" data-element_type=\"section\" data-settings=\"{&quot;stretch_section&quot;:&quot;section-stretched&quot;}\">\n\t\t\t\t\t\t<div class=\"elementor-container elementor-column-gap-default\">\n\t\t\t\t\t<div class=\"elementor-column elementor-col-100 elementor-top-column elementor-element elementor-element-4adf6ec4\" data-id=\"4adf6ec4\" data-element_type=\"column\">\n\t\t\t<div class=\"elementor-widget-wrap elementor-element-populated\">\n\t\t\t\t\t\t<div class=\"elementor-element elementor-element-1f6b3755 animated-slow elementor-invisible elementor-widget elementor-widget-image\" data-id=\"1f6b3755\" data-element_type=\"widget\" data-settings=\"{&quot;_animation&quot;:&quot;fadeIn&quot;}\" data-widget_type=\"image.default\">\n\t\t\t\t<div class=\"elementor-widget-container\">\n\t\t\t<style>\/*! elementor - v3.21.0 - 08-05-2024 *\/\n.elementor-widget-image{text-align:center}.elementor-widget-image a{display:inline-block}.elementor-widget-image a img[src$=\".svg\"]{width:48px}.elementor-widget-image img{vertical-align:middle;display:inline-block}<\/style>\t\t\t\t\t\t\t\t\t\t<img fetchpriority=\"high\" decoding=\"async\" width=\"1920\" height=\"1080\" src=\"https:\/\/snehalayam.com\/wp-content\/uploads\/2023\/08\/DSC02542.jpg\" class=\"attachment-2048x2048 size-2048x2048 wp-image-1756\" alt=\"\" srcset=\"https:\/\/snehalayam.com\/wp-content\/uploads\/2023\/08\/DSC02542.jpg 1920w, https:\/\/snehalayam.com\/wp-content\/uploads\/2023\/08\/DSC02542-300x169.jpg 300w, https:\/\/snehalayam.com\/wp-content\/uploads\/2023\/08\/DSC02542-1024x576.jpg 1024w, https:\/\/snehalayam.com\/wp-content\/uploads\/2023\/08\/DSC02542-768x432.jpg 768w, https:\/\/snehalayam.com\/wp-content\/uploads\/2023\/08\/DSC02542-1536x864.jpg 1536w, https:\/\/snehalayam.com\/wp-content\/uploads\/2023\/08\/DSC02542-600x338.jpg 600w\" sizes=\"(max-width: 1920px) 100vw, 1920px\" \/>\t\t\t\t\t\t\t\t\t\t\t\t\t<\/div>\n\t\t\t\t<\/div>\n\t\t\t\t\t<\/div>\n\t\t<\/div>\n\t\t\t\t\t<\/div>\n\t\t<\/section>\n\t\t\t\t<section class=\"elementor-section elementor-top-section elementor-element elementor-element-69a6a844 elementor-section-content-top elementor-hidden-mobile elementor-section-boxed elementor-section-height-default elementor-section-height-default\" data-id=\"69a6a844\" data-element_type=\"section\">\n\t\t\t\t\t\t<div class=\"elementor-container elementor-column-gap-default\">\n\t\t\t\t\t<div class=\"elementor-column elementor-col-100 elementor-top-column elementor-element elementor-element-288192d7\" data-id=\"288192d7\" data-element_type=\"column\">\n\t\t\t<div class=\"elementor-widget-wrap elementor-element-populated\">\n\t\t\t\t\t\t<div class=\"elementor-element elementor-element-604c4416 elementor-widget elementor-widget-heading\" data-id=\"604c4416\" data-element_type=\"widget\" data-widget_type=\"heading.default\">\n\t\t\t\t<div class=\"elementor-widget-container\">\n\t\t\t<style>\/*! elementor - v3.21.0 - 08-05-2024 *\/\n.elementor-heading-title{padding:0;margin:0;line-height:1}.elementor-widget-heading .elementor-heading-title[class*=elementor-size-]>a{color:inherit;font-size:inherit;line-height:inherit}.elementor-widget-heading .elementor-heading-title.elementor-size-small{font-size:15px}.elementor-widget-heading .elementor-heading-title.elementor-size-medium{font-size:19px}.elementor-widget-heading .elementor-heading-title.elementor-size-large{font-size:29px}.elementor-widget-heading .elementor-heading-title.elementor-size-xl{font-size:39px}.elementor-widget-heading .elementor-heading-title.elementor-size-xxl{font-size:59px}<\/style><h2 class=\"elementor-heading-title elementor-size-xl\">Circle of supporters<\/h2>\t\t<\/div>\n\t\t\t\t<\/div>\n\t\t\t\t\t<\/div>\n\t\t<\/div>\n\t\t\t\t\t<\/div>\n\t\t<\/section>\n\t\t\t\t<section class=\"elementor-section elementor-top-section elementor-element elementor-element-1e0e6642 elementor-hidden-desktop elementor-hidden-tablet elementor-section-boxed elementor-section-height-default elementor-section-height-default\" data-id=\"1e0e6642\" data-element_type=\"section\">\n\t\t\t\t\t\t<div class=\"elementor-container elementor-column-gap-default\">\n\t\t\t\t\t<div class=\"elementor-column elementor-col-100 elementor-top-column elementor-element elementor-element-28a3d05e\" data-id=\"28a3d05e\" data-element_type=\"column\">\n\t\t\t<div class=\"elementor-widget-wrap elementor-element-populated\">\n\t\t\t\t\t\t<div class=\"elementor-element elementor-element-340716f8 elementor-hidden-desktop elementor-hidden-tablet elementor-widget elementor-widget-heading\" data-id=\"340716f8\" data-element_type=\"widget\" data-widget_type=\"heading.default\">\n\t\t\t\t<div class=\"elementor-widget-container\">\n\t\t\t<h1 class=\"elementor-heading-title elementor-size-medium\">Circle of supporters<\/h1>\t\t<\/div>\n\t\t\t\t<\/div>\n\t\t\t\t\t<\/div>\n\t\t<\/div>\n\t\t\t\t\t<\/div>\n\t\t<\/section>\n\t\t\t\t<section class=\"elementor-section elementor-top-section elementor-element elementor-element-685ff7d4 elementor-section-boxed elementor-section-height-default elementor-section-height-default\" data-id=\"685ff7d4\" data-element_type=\"section\">\n\t\t\t\t\t\t<div class=\"elementor-container elementor-column-gap-default\">\n\t\t\t\t\t<div class=\"elementor-column elementor-col-100 elementor-top-column elementor-element elementor-element-4cd071f9\" data-id=\"4cd071f9\" data-element_type=\"column\">\n\t\t\t<div class=\"elementor-widget-wrap elementor-element-populated\">\n\t\t\t\t\t\t<div class=\"elementor-element elementor-element-44626af elementor-widget__width-initial elementor-widget elementor-widget-text-editor\" data-id=\"44626af\" data-element_type=\"widget\" data-widget_type=\"text-editor.default\">\n\t\t\t\t<div class=\"elementor-widget-container\">\n\t\t\t<style>\/*! elementor - v3.21.0 - 08-05-2024 *\/\n.elementor-widget-text-editor.elementor-drop-cap-view-stacked .elementor-drop-cap{background-color:#69727d;color:#fff}.elementor-widget-text-editor.elementor-drop-cap-view-framed .elementor-drop-cap{color:#69727d;border:3px solid;background-color:transparent}.elementor-widget-text-editor:not(.elementor-drop-cap-view-default) .elementor-drop-cap{margin-top:8px}.elementor-widget-text-editor:not(.elementor-drop-cap-view-default) .elementor-drop-cap-letter{width:1em;height:1em}.elementor-widget-text-editor .elementor-drop-cap{float:left;text-align:center;line-height:1;font-size:50px}.elementor-widget-text-editor .elementor-drop-cap-letter{display:inline-block}<\/style>\t\t\t\t<div class=\"elementor-element elementor-element-87c6f54 elementor-widget elementor-widget-text-editor\" data-id=\"87c6f54\" data-element_type=\"widget\" data-widget_type=\"text-editor.default\">\n<div class=\"elementor-widget-container\">\n<p class=\" translation-block\">The Indian children's and orphanage home Snehalayam relies on a diverse circle of supporters. First and foremost, the home manager Leela and her dedicated staff on-site should be mentioned, as they keep the facility alive with their valuable commitment. We, the support association Snehalayam e.V., have been providing the necessary financial support to this great work since our founding.<\/p>\n<\/div>\n<\/div>\t\t\t\t\t\t<\/div>\n\t\t\t\t<\/div>\n\t\t\t\t\t<\/div>\n\t\t<\/div>\n\t\t\t\t\t<\/div>\n\t\t<\/section>\n\t\t\t\t<section class=\"elementor-section elementor-top-section elementor-element elementor-element-778abe23 elementor-section-content-middle elementor-section-boxed elementor-section-height-default elementor-section-height-default\" data-id=\"778abe23\" data-element_type=\"section\" data-settings=\"{&quot;background_background&quot;:&quot;classic&quot;}\">\n\t\t\t\t\t\t<div class=\"elementor-container elementor-column-gap-default\">\n\t\t\t\t\t<div class=\"elementor-column elementor-col-100 elementor-top-column elementor-element elementor-element-1ad3d45b\" data-id=\"1ad3d45b\" data-element_type=\"column\">\n\t\t\t<div class=\"elementor-widget-wrap elementor-element-populated\">\n\t\t\t\t\t\t<div class=\"elementor-element elementor-element-27ba6b89 elementor-widget__width-initial elementor-widget elementor-widget-text-editor\" data-id=\"27ba6b89\" data-element_type=\"widget\" data-widget_type=\"text-editor.default\">\n\t\t\t\t<div class=\"elementor-widget-container\">\n\t\t\t\t\t\t\t<div class=\"elementor-element elementor-element-87c6f54 elementor-widget elementor-widget-text-editor\" data-id=\"87c6f54\" data-element_type=\"widget\" data-widget_type=\"text-editor.default\"><div class=\"elementor-widget-container\"><h5 class=\" translation-block\">The house also receives occasional on-site assistance from friends in the community who help with bureaucratic matters, trips to the hospital, or excursion supervision.<\/h5><\/div><\/div>\t\t\t\t\t\t<\/div>\n\t\t\t\t<\/div>\n\t\t\t\t\t<\/div>\n\t\t<\/div>\n\t\t\t\t\t<\/div>\n\t\t<\/section>\n\t\t\t\t<section class=\"elementor-section elementor-top-section elementor-element elementor-element-2e5ab7e elementor-section-boxed elementor-section-height-default elementor-section-height-default\" data-id=\"2e5ab7e\" data-element_type=\"section\">\n\t\t\t\t\t\t<div class=\"elementor-container elementor-column-gap-default\">\n\t\t\t\t\t<div class=\"elementor-column elementor-col-100 elementor-top-column elementor-element elementor-element-3fa4921\" data-id=\"3fa4921\" data-element_type=\"column\">\n\t\t\t<div class=\"elementor-widget-wrap elementor-element-populated\">\n\t\t\t\t\t\t<div class=\"elementor-element elementor-element-a1fb027 elementor-widget__width-initial elementor-widget elementor-widget-text-editor\" data-id=\"a1fb027\" data-element_type=\"widget\" data-widget_type=\"text-editor.default\">\n\t\t\t\t<div class=\"elementor-widget-container\">\n\t\t\t\t\t\t\t<div class=\"elementor-element elementor-element-87c6f54 elementor-widget elementor-widget-text-editor\" data-id=\"87c6f54\" data-element_type=\"widget\" data-widget_type=\"text-editor.default\">\n<div class=\"elementor-widget-container\">\n<p class=\" translation-block\">Occasionally, wealthier families from nearby areas visit the house with their own children. This is not only a special experience for these families but is usually tied to a specific donation for a dinner for all residents. This allows for the purchase of higher-quality rice or even fish, for example. Snehalayam's own cooks prepare the shared dish for the visit. Symbolically, the guest family then distributes the food, initiating an extraordinary and joyful evening on the orphanage grounds.<\/p>\n<\/div>\n<\/div>\t\t\t\t\t\t<\/div>\n\t\t\t\t<\/div>\n\t\t\t\t\t<\/div>\n\t\t<\/div>\n\t\t\t\t\t<\/div>\n\t\t<\/section>\n\t\t\t\t<section class=\"elementor-section elementor-top-section elementor-element elementor-element-7f861381 elementor-section-boxed elementor-section-height-default elementor-section-height-default\" data-id=\"7f861381\" data-element_type=\"section\">\n\t\t\t\t\t\t<div class=\"elementor-container elementor-column-gap-default\">\n\t\t\t\t\t<div class=\"elementor-column elementor-col-100 elementor-top-column elementor-element elementor-element-3b9c5094\" data-id=\"3b9c5094\" data-element_type=\"column\">\n\t\t\t<div class=\"elementor-widget-wrap elementor-element-populated\">\n\t\t\t\t\t\t<div class=\"elementor-element elementor-element-13b87806 elementor-arrows-position-outside elementor-pagination-position-outside elementor-widget elementor-widget-image-carousel\" data-id=\"13b87806\" data-element_type=\"widget\" data-settings=\"{&quot;slides_to_show&quot;:&quot;3&quot;,&quot;slides_to_scroll&quot;:&quot;3&quot;,&quot;slides_to_show_tablet&quot;:&quot;3&quot;,&quot;navigation&quot;:&quot;both&quot;,&quot;autoplay&quot;:&quot;yes&quot;,&quot;pause_on_hover&quot;:&quot;yes&quot;,&quot;pause_on_interaction&quot;:&quot;yes&quot;,&quot;autoplay_speed&quot;:5000,&quot;infinite&quot;:&quot;yes&quot;,&quot;speed&quot;:500}\" data-widget_type=\"image-carousel.default\">\n\t\t\t\t<div class=\"elementor-widget-container\">\n\t\t\t<style>\/*! elementor - v3.21.0 - 08-05-2024 *\/\n.elementor-widget-image-carousel .swiper,.elementor-widget-image-carousel .swiper-container{position:static}.elementor-widget-image-carousel .swiper-container .swiper-slide figure,.elementor-widget-image-carousel .swiper .swiper-slide figure{line-height:inherit}.elementor-widget-image-carousel .swiper-slide{text-align:center}.elementor-image-carousel-wrapper:not(.swiper-container-initialized):not(.swiper-initialized) .swiper-slide{max-width:calc(100% \/ var(--e-image-carousel-slides-to-show, 3))}<\/style>\t\t<div class=\"elementor-image-carousel-wrapper swiper\" dir=\"ltr\">\n\t\t\t<div class=\"elementor-image-carousel swiper-wrapper\" aria-live=\"off\">\n\t\t\t\t\t\t\t\t<div class=\"swiper-slide\" role=\"group\" aria-roledescription=\"slide\" aria-label=\"1 of 10\"><a data-elementor-open-lightbox=\"yes\" data-elementor-lightbox-slideshow=\"13b87806\" data-elementor-lightbox-description=\"Verteilung von Geschenken\" data-e-action-hash=\"#elementor-action%3Aaction%3Dlightbox%26settings%3DeyJpZCI6MzA4MSwidXJsIjoiaHR0cHM6XC9cL3NuZWhhbGF5YW0uY29tXC93cC1jb250ZW50XC91cGxvYWRzXC8yMDIzXC8xMFwvRFNDMDE4NDItc2NhbGVkLmpwZyIsInNsaWRlc2hvdyI6IjEzYjg3ODA2In0%3D\" href=\"https:\/\/snehalayam.com\/wp-content\/uploads\/2023\/10\/DSC01842-scaled.jpg\"><figure class=\"swiper-slide-inner\"><img decoding=\"async\" class=\"swiper-slide-image\" src=\"https:\/\/snehalayam.com\/wp-content\/uploads\/elementor\/thumbs\/DSC01842-scaled-qedueaaft8zdifvr3bhy5ovf1v4x56kvwcpp50o4hm.jpg\" alt=\"Verteilung von Geschenken\" \/><figcaption class=\"elementor-image-carousel-caption\">Distribution of gifts<\/figcaption><\/figure><\/a><\/div><div class=\"swiper-slide\" role=\"group\" aria-roledescription=\"slide\" aria-label=\"2 of 10\"><a data-elementor-open-lightbox=\"yes\" data-elementor-lightbox-slideshow=\"13b87806\" data-elementor-lightbox-description=\"Rotary zu Besuch\" data-e-action-hash=\"#elementor-action%3Aaction%3Dlightbox%26settings%3DeyJpZCI6MzA3OCwidXJsIjoiaHR0cHM6XC9cL3NuZWhhbGF5YW0uY29tXC93cC1jb250ZW50XC91cGxvYWRzXC8yMDIzXC8xMFwvRFNDMDE3MDEtc2NhbGVkLmpwZyIsInNsaWRlc2hvdyI6IjEzYjg3ODA2In0%3D\" href=\"https:\/\/snehalayam.com\/wp-content\/uploads\/2023\/10\/DSC01701-scaled.jpg\"><figure class=\"swiper-slide-inner\"><img decoding=\"async\" class=\"swiper-slide-image\" src=\"https:\/\/snehalayam.com\/wp-content\/uploads\/elementor\/thumbs\/DSC01701-scaled-qedudrho0k9n28n253dertm765pkv8i95rnzjhfzy2.jpg\" alt=\"Rotary zu Besuch\" \/><figcaption class=\"elementor-image-carousel-caption\">Visit by Rotary<\/figcaption><\/figure><\/a><\/div><div class=\"swiper-slide\" role=\"group\" aria-roledescription=\"slide\" aria-label=\"3 of 10\"><a data-elementor-open-lightbox=\"yes\" data-elementor-lightbox-slideshow=\"13b87806\" data-elementor-lightbox-description=\"Martina im Kinderheim\" data-e-action-hash=\"#elementor-action%3Aaction%3Dlightbox%26settings%3DeyJpZCI6MjQ3OCwidXJsIjoiaHR0cHM6XC9cL3NuZWhhbGF5YW0uY29tXC93cC1jb250ZW50XC91cGxvYWRzXC8yMDIzXC8wOVwvc25laGFsYXlhbV8wMi4yMDEzXzI0My5qcGciLCJzbGlkZXNob3ciOiIxM2I4NzgwNiJ9\" href=\"https:\/\/snehalayam.com\/wp-content\/uploads\/2023\/09\/snehalayam_02.2013_243.jpg\"><figure class=\"swiper-slide-inner\"><img decoding=\"async\" class=\"swiper-slide-image\" src=\"https:\/\/snehalayam.com\/wp-content\/uploads\/elementor\/thumbs\/snehalayam_02.2013_243-qbyh910owy52lzvw2ku9x6ukju0ou55mjcz25qvyyi.jpg\" alt=\"Martina im Kinderheim\" \/><figcaption class=\"elementor-image-carousel-caption\">Martina at the children's home<\/figcaption><\/figure><\/a><\/div><div class=\"swiper-slide\" role=\"group\" aria-roledescription=\"slide\" aria-label=\"4 of 10\"><a data-elementor-open-lightbox=\"yes\" data-elementor-lightbox-slideshow=\"13b87806\" data-elementor-lightbox-description=\"Larah beim Freiwilligenaufenthalt vor Ort\" data-e-action-hash=\"#elementor-action%3Aaction%3Dlightbox%26settings%3DeyJpZCI6MjU1OCwidXJsIjoiaHR0cHM6XC9cL3NuZWhhbGF5YW0uY29tXC93cC1jb250ZW50XC91cGxvYWRzXC8yMDIzXC8wOVwvRFNDMDQ2MjYtZTE2OTkzMDUzNTIxMTUuanBnIiwic2xpZGVzaG93IjoiMTNiODc4MDYifQ%3D%3D\" href=\"https:\/\/snehalayam.com\/wp-content\/uploads\/2023\/09\/DSC04626-e1699305352115.jpg\"><figure class=\"swiper-slide-inner\"><img decoding=\"async\" class=\"swiper-slide-image\" src=\"https:\/\/snehalayam.com\/wp-content\/uploads\/elementor\/thumbs\/DSC04626-e1699305352115-qeza40lyv62t9zd8amiojkfwqoiq634kj5l8oaf4xm.jpg\" alt=\"Larah beim Freiwilligenaufenthalt vor Ort\" \/><figcaption class=\"elementor-image-carousel-caption\">Larah during her volunteer stay on-site<\/figcaption><\/figure><\/a><\/div><div class=\"swiper-slide\" role=\"group\" aria-roledescription=\"slide\" aria-label=\"5 of 10\"><a data-elementor-open-lightbox=\"yes\" data-elementor-lightbox-slideshow=\"13b87806\" data-elementor-lightbox-description=\"G\u00e4ste verteilen Mittagessen\" data-e-action-hash=\"#elementor-action%3Aaction%3Dlightbox%26settings%3DeyJpZCI6MzA3OSwidXJsIjoiaHR0cHM6XC9cL3NuZWhhbGF5YW0uY29tXC93cC1jb250ZW50XC91cGxvYWRzXC8yMDIzXC8xMFwvRFNDMDE3MTEtc2NhbGVkLmpwZyIsInNsaWRlc2hvdyI6IjEzYjg3ODA2In0%3D\" href=\"https:\/\/snehalayam.com\/wp-content\/uploads\/2023\/10\/DSC01711-scaled.jpg\"><figure class=\"swiper-slide-inner\"><img decoding=\"async\" class=\"swiper-slide-image\" src=\"https:\/\/snehalayam.com\/wp-content\/uploads\/elementor\/thumbs\/DSC01711-scaled-qedudx4p5khczwev85t66s6yqgxs5f4n6jkwf57mwq.jpg\" alt=\"G\u00e4ste verteilen Mittagessen\" \/><figcaption class=\"elementor-image-carousel-caption\">Guests distributing lunch<\/figcaption><\/figure><\/a><\/div><div class=\"swiper-slide\" role=\"group\" aria-roledescription=\"slide\" aria-label=\"6 of 10\"><a data-elementor-open-lightbox=\"yes\" data-elementor-lightbox-slideshow=\"13b87806\" data-elementor-lightbox-description=\"Essensausgabe durch G\u00e4ste\" data-e-action-hash=\"#elementor-action%3Aaction%3Dlightbox%26settings%3DeyJpZCI6MzA4MCwidXJsIjoiaHR0cHM6XC9cL3NuZWhhbGF5YW0uY29tXC93cC1jb250ZW50XC91cGxvYWRzXC8yMDIzXC8xMFwvRFNDMDE3MTMtc2NhbGVkLmpwZyIsInNsaWRlc2hvdyI6IjEzYjg3ODA2In0%3D\" href=\"https:\/\/snehalayam.com\/wp-content\/uploads\/2023\/10\/DSC01713-scaled.jpg\"><figure class=\"swiper-slide-inner\"><img decoding=\"async\" class=\"swiper-slide-image\" src=\"https:\/\/snehalayam.com\/wp-content\/uploads\/elementor\/thumbs\/DSC01713-scaled-qedue3pkheqd965b5qnk68j6w61cnaurjg5as2xvp6.jpg\" alt=\"Essensausgabe durch G\u00e4ste\" \/><figcaption class=\"elementor-image-carousel-caption\">Food distribution by guests<\/figcaption><\/figure><\/a><\/div><div class=\"swiper-slide\" role=\"group\" aria-roledescription=\"slide\" aria-label=\"7 of 10\"><a data-elementor-open-lightbox=\"yes\" data-elementor-lightbox-slideshow=\"13b87806\" data-elementor-lightbox-description=\"Ausflug in den Badepark\" data-e-action-hash=\"#elementor-action%3Aaction%3Dlightbox%26settings%3DeyJpZCI6MjQ3OSwidXJsIjoiaHR0cHM6XC9cL3NuZWhhbGF5YW0uY29tXC93cC1jb250ZW50XC91cGxvYWRzXC8yMDIzXC8wOVwvVG9qby13YXRlcnBhcmstdGh1bWJuYWlsLmpwZyIsInNsaWRlc2hvdyI6IjEzYjg3ODA2In0%3D\" href=\"https:\/\/snehalayam.com\/wp-content\/uploads\/2023\/09\/Tojo-waterpark-thumbnail.jpg\"><figure class=\"swiper-slide-inner\"><img decoding=\"async\" class=\"swiper-slide-image\" src=\"https:\/\/snehalayam.com\/wp-content\/uploads\/elementor\/thumbs\/Tojo-waterpark-thumbnail-qbyh92wdam7n97t5rlnj26dhqlrf9jd37ma14at6m2.jpg\" alt=\"Ausflug in den Badepark\" \/><figcaption class=\"elementor-image-carousel-caption\">Excursion to the water park<\/figcaption><\/figure><\/a><\/div><div class=\"swiper-slide\" role=\"group\" aria-roledescription=\"slide\" aria-label=\"8 of 10\"><a data-elementor-open-lightbox=\"yes\" data-elementor-lightbox-slideshow=\"13b87806\" data-elementor-lightbox-description=\"Benedikt bei der Freiwilligenarbeit vor Ort\" data-e-action-hash=\"#elementor-action%3Aaction%3Dlightbox%26settings%3DeyJpZCI6MjQ4MCwidXJsIjoiaHR0cHM6XC9cL3NuZWhhbGF5YW0uY29tXC93cC1jb250ZW50XC91cGxvYWRzXC8yMDIzXC8wOVwvU2FudG9zaC1tdXN0YWdlLmpwZyIsInNsaWRlc2hvdyI6IjEzYjg3ODA2In0%3D\" href=\"https:\/\/snehalayam.com\/wp-content\/uploads\/2023\/09\/Santosh-mustage.jpg\"><figure class=\"swiper-slide-inner\"><img decoding=\"async\" class=\"swiper-slide-image\" src=\"https:\/\/snehalayam.com\/wp-content\/uploads\/elementor\/thumbs\/Santosh-mustage-qbyh93u7hg8xktrsm425mo4ybzmsh8gtjqxilkrsfu.jpg\" alt=\"Benedikt bei der Freiwilligenarbeit vor Ort\" \/><figcaption class=\"elementor-image-carousel-caption\">Benedikt during volunteer work on-site<\/figcaption><\/figure><\/a><\/div><div class=\"swiper-slide\" role=\"group\" aria-roledescription=\"slide\" aria-label=\"9 of 10\"><a data-elementor-open-lightbox=\"yes\" data-elementor-lightbox-slideshow=\"13b87806\" data-elementor-lightbox-description=\"F\u00f6rderer vor Ort\" data-e-action-hash=\"#elementor-action%3Aaction%3Dlightbox%26settings%3DeyJpZCI6MjU1NiwidXJsIjoiaHR0cHM6XC9cL3NuZWhhbGF5YW0uY29tXC93cC1jb250ZW50XC91cGxvYWRzXC8yMDIzXC8wOVwvMjAxNS0wMS0xNi0xMi41MC4yNy5qcGciLCJzbGlkZXNob3ciOiIxM2I4NzgwNiJ9\" href=\"https:\/\/snehalayam.com\/wp-content\/uploads\/2023\/09\/2015-01-16-12.50.27.jpg\"><figure class=\"swiper-slide-inner\"><img decoding=\"async\" class=\"swiper-slide-image\" src=\"https:\/\/snehalayam.com\/wp-content\/uploads\/elementor\/thumbs\/2015-01-16-12.50.27-qbyuq6fudk9x0h6e4sd5d9ieccruq464wms4c5jtfe.jpg\" alt=\"F\u00f6rderer vor Ort\" \/><figcaption class=\"elementor-image-carousel-caption\">Local supporters<\/figcaption><\/figure><\/a><\/div><div class=\"swiper-slide\" role=\"group\" aria-roledescription=\"slide\" aria-label=\"10 of 10\"><a data-elementor-open-lightbox=\"yes\" data-elementor-lightbox-slideshow=\"13b87806\" data-elementor-lightbox-description=\"Kinobesuch\" data-e-action-hash=\"#elementor-action%3Aaction%3Dlightbox%26settings%3DeyJpZCI6MzA4MiwidXJsIjoiaHR0cHM6XC9cL3NuZWhhbGF5YW0uY29tXC93cC1jb250ZW50XC91cGxvYWRzXC8yMDIzXC8xMFwvRFNDMDI5OTguanBnIiwic2xpZGVzaG93IjoiMTNiODc4MDYifQ%3D%3D\" href=\"https:\/\/snehalayam.com\/wp-content\/uploads\/2023\/10\/DSC02998.jpg\"><figure class=\"swiper-slide-inner\"><img decoding=\"async\" class=\"swiper-slide-image\" src=\"https:\/\/snehalayam.com\/wp-content\/uploads\/elementor\/thumbs\/DSC02998-qedued3ydr38h9rnmuptv65su0r0s9w2wqo5kujxyy.jpg\" alt=\"Kinobesuch\" \/><figcaption class=\"elementor-image-carousel-caption\">Cinema visit<\/figcaption><\/figure><\/a><\/div>\t\t\t<\/div>\n\t\t\t\t\t\t\t\t\t\t\t\t<div class=\"elementor-swiper-button elementor-swiper-button-prev\" role=\"button\" tabindex=\"0\">\n\t\t\t\t\t\t<i aria-hidden=\"true\" class=\"eicon-chevron-left\"><\/i>\t\t\t\t\t<\/div>\n\t\t\t\t\t<div class=\"elementor-swiper-button elementor-swiper-button-next\" role=\"button\" tabindex=\"0\">\n\t\t\t\t\t\t<i aria-hidden=\"true\" class=\"eicon-chevron-right\"><\/i>\t\t\t\t\t<\/div>\n\t\t\t\t\n\t\t\t\t\t\t\t\t\t<div class=\"swiper-pagination\"><\/div>\n\t\t\t\t\t\t\t\t\t<\/div>\n\t\t\t\t<\/div>\n\t\t\t\t<\/div>\n\t\t\t\t<div class=\"elementor-element elementor-element-49bf77a9 elementor-align-left elementor-widget elementor-widget-button\" data-id=\"49bf77a9\" data-element_type=\"widget\" data-widget_type=\"button.default\">\n\t\t\t\t<div class=\"elementor-widget-container\">\n\t\t\t\t\t<div class=\"elementor-button-wrapper\">\n\t\t\t<a class=\"elementor-button elementor-button-link elementor-size-sm\" href=\"https:\/\/snehalayam.com\/en\/kinderheim\/\">\n\t\t\t\t\t\t<span class=\"elementor-button-content-wrapper\">\n\t\t\t\t\t\t<span class=\"elementor-button-icon elementor-align-icon-left\">\n\t\t\t\t<i aria-hidden=\"true\" class=\"fas fa-arrow-alt-circle-left\"><\/i>\t\t\t<\/span>\n\t\t\t\t\t\t\t\t\t<span class=\"elementor-button-text\">Back to the main page<\/span>\n\t\t\t\t\t<\/span>\n\t\t\t\t\t<\/a>\n\t\t<\/div>\n\t\t\t\t<\/div>\n\t\t\t\t<\/div>\n\t\t\t\t\t<\/div>\n\t\t<\/div>\n\t\t\t\t\t<\/div>\n\t\t<\/section>\n\t\t\t\t<\/div>","protected":false},"excerpt":{"rendered":"<p>Unterst\u00fctzerkreis Unterst\u00fctzerkreis Das indische Kinder- und Waisenheim Snehalayam baut auf einen diversen Unterst\u00fctzerkreis. An erster Stelle sind die Heimleiterin Leela und ihre engagierten Mitarbeitenden direkt vor Ort zu nennen, die mit ihrem wertvollen Engagement die Einrichtung am Leben halten. Wir, der F\u00f6rderverein Snehalayam e.V., bieten dieser gro\u00dfartigen Arbeit seit unserer Gr\u00fcndung die notwendige, finanzielle R\u00fcckendeckung.&nbsp;&nbsp; [&hellip;]<\/p>","protected":false},"author":1,"featured_media":0,"parent":0,"menu_order":0,"comment_status":"closed","ping_status":"closed","template":"","meta":{"footnotes":""},"_links":{"self":[{"href":"https:\/\/snehalayam.com\/en\/wp-json\/wp\/v2\/pages\/1996"}],"collection":[{"href":"https:\/\/snehalayam.com\/en\/wp-json\/wp\/v2\/pages"}],"about":[{"href":"https:\/\/snehalayam.com\/en\/wp-json\/wp\/v2\/types\/page"}],"author":[{"embeddable":true,"href":"https:\/\/snehalayam.com\/en\/wp-json\/wp\/v2\/users\/1"}],"replies":[{"embeddable":true,"href":"https:\/\/snehalayam.com\/en\/wp-json\/wp\/v2\/comments?post=1996"}],"version-history":[{"count":58,"href":"https:\/\/snehalayam.com\/en\/wp-json\/wp\/v2\/pages\/1996\/revisions"}],"predecessor-version":[{"id":3753,"href":"https:\/\/snehalayam.com\/en\/wp-json\/wp\/v2\/pages\/1996\/revisions\/3753"}],"wp:attachment":[{"href":"https:\/\/snehalayam.com\/en\/wp-json\/wp\/v2\/media?parent=1996"}],"curies":[{"name":"wp","href":"https:\/\/api.w.org\/{rel}","templated":true}]}}