{"id":2314,"date":"2023-09-04T08:24:22","date_gmt":"2023-09-04T06:24:22","guid":{"rendered":"https:\/\/snehalayam.com\/?page_id=2314"},"modified":"2023-11-06T14:41:10","modified_gmt":"2023-11-06T13:41:10","slug":"datenschutzerklaerung","status":"publish","type":"page","link":"https:\/\/snehalayam.com\/en\/datenschutzerklaerung\/","title":{"rendered":"Privacy policy"},"content":{"rendered":"<div data-elementor-type=\"wp-page\" data-elementor-id=\"2314\" class=\"elementor elementor-2314\" data-elementor-post-type=\"page\">\n\t\t\t\t\t\t<section class=\"elementor-section elementor-top-section elementor-element elementor-element-202c5feb elementor-section-full_width elementor-section-stretched elementor-section-height-default elementor-section-height-default\" data-id=\"202c5feb\" data-element_type=\"section\" data-settings=\"{&quot;stretch_section&quot;:&quot;section-stretched&quot;}\">\n\t\t\t\t\t\t<div class=\"elementor-container elementor-column-gap-default\">\n\t\t\t\t\t<div class=\"elementor-column elementor-col-100 elementor-top-column elementor-element elementor-element-65f124f9\" data-id=\"65f124f9\" data-element_type=\"column\">\n\t\t\t<div class=\"elementor-widget-wrap elementor-element-populated\">\n\t\t\t\t\t\t<div class=\"elementor-element elementor-element-3b89db2a animated-slow elementor-invisible elementor-widget elementor-widget-image\" data-id=\"3b89db2a\" data-element_type=\"widget\" data-settings=\"{&quot;_animation&quot;:&quot;fadeIn&quot;}\" data-widget_type=\"image.default\">\n\t\t\t\t<div class=\"elementor-widget-container\">\n\t\t\t<style>\/*! elementor - v3.21.0 - 08-05-2024 *\/\n.elementor-widget-image{text-align:center}.elementor-widget-image a{display:inline-block}.elementor-widget-image a img[src$=\".svg\"]{width:48px}.elementor-widget-image img{vertical-align:middle;display:inline-block}<\/style>\t\t\t\t\t\t\t\t\t\t<img fetchpriority=\"high\" decoding=\"async\" width=\"2048\" height=\"1536\" src=\"https:\/\/snehalayam.com\/wp-content\/uploads\/2023\/06\/DSC01823-2048x1536.jpg\" class=\"attachment-2048x2048 size-2048x2048 wp-image-1280\" alt=\"\" srcset=\"https:\/\/snehalayam.com\/wp-content\/uploads\/2023\/06\/DSC01823-2048x1536.jpg 2048w, https:\/\/snehalayam.com\/wp-content\/uploads\/2023\/06\/DSC01823-300x225.jpg 300w, https:\/\/snehalayam.com\/wp-content\/uploads\/2023\/06\/DSC01823-1024x768.jpg 1024w, https:\/\/snehalayam.com\/wp-content\/uploads\/2023\/06\/DSC01823-768x576.jpg 768w, https:\/\/snehalayam.com\/wp-content\/uploads\/2023\/06\/DSC01823-1536x1152.jpg 1536w, https:\/\/snehalayam.com\/wp-content\/uploads\/2023\/06\/DSC01823-600x450.jpg 600w\" sizes=\"(max-width: 2048px) 100vw, 2048px\" \/>\t\t\t\t\t\t\t\t\t\t\t\t\t<\/div>\n\t\t\t\t<\/div>\n\t\t\t\t\t<\/div>\n\t\t<\/div>\n\t\t\t\t\t<\/div>\n\t\t<\/section>\n\t\t\t\t<section class=\"elementor-section elementor-top-section elementor-element elementor-element-285ab2c4 elementor-section-content-top elementor-hidden-mobile elementor-section-boxed elementor-section-height-default elementor-section-height-default\" data-id=\"285ab2c4\" data-element_type=\"section\">\n\t\t\t\t\t\t<div class=\"elementor-container elementor-column-gap-default\">\n\t\t\t\t\t<div class=\"elementor-column elementor-col-100 elementor-top-column elementor-element elementor-element-4fb47a6e\" data-id=\"4fb47a6e\" data-element_type=\"column\">\n\t\t\t<div class=\"elementor-widget-wrap elementor-element-populated\">\n\t\t\t\t\t\t<div class=\"elementor-element elementor-element-2b27a00 animated-slow elementor-invisible elementor-widget elementor-widget-heading\" data-id=\"2b27a00\" data-element_type=\"widget\" data-settings=\"{&quot;_animation&quot;:&quot;fadeIn&quot;}\" data-widget_type=\"heading.default\">\n\t\t\t\t<div class=\"elementor-widget-container\">\n\t\t\t<style>\/*! elementor - v3.21.0 - 08-05-2024 *\/\n.elementor-heading-title{padding:0;margin:0;line-height:1}.elementor-widget-heading .elementor-heading-title[class*=elementor-size-]>a{color:inherit;font-size:inherit;line-height:inherit}.elementor-widget-heading .elementor-heading-title.elementor-size-small{font-size:15px}.elementor-widget-heading .elementor-heading-title.elementor-size-medium{font-size:19px}.elementor-widget-heading .elementor-heading-title.elementor-size-large{font-size:29px}.elementor-widget-heading .elementor-heading-title.elementor-size-xl{font-size:39px}.elementor-widget-heading .elementor-heading-title.elementor-size-xxl{font-size:59px}<\/style><h2 class=\"elementor-heading-title elementor-size-xl\">Privacy policy<\/h2>\t\t<\/div>\n\t\t\t\t<\/div>\n\t\t\t\t\t<\/div>\n\t\t<\/div>\n\t\t\t\t\t<\/div>\n\t\t<\/section>\n\t\t\t\t<section class=\"elementor-section elementor-top-section elementor-element elementor-element-1ae503e2 elementor-hidden-desktop elementor-hidden-tablet elementor-section-boxed elementor-section-height-default elementor-section-height-default\" data-id=\"1ae503e2\" data-element_type=\"section\">\n\t\t\t\t\t\t<div class=\"elementor-container elementor-column-gap-default\">\n\t\t\t\t\t<div class=\"elementor-column elementor-col-100 elementor-top-column elementor-element elementor-element-51cdbeaa\" data-id=\"51cdbeaa\" data-element_type=\"column\">\n\t\t\t<div class=\"elementor-widget-wrap elementor-element-populated\">\n\t\t\t\t\t\t<div class=\"elementor-element elementor-element-4881f7f elementor-hidden-desktop elementor-hidden-tablet elementor-widget elementor-widget-heading\" data-id=\"4881f7f\" data-element_type=\"widget\" data-widget_type=\"heading.default\">\n\t\t\t\t<div class=\"elementor-widget-container\">\n\t\t\t<h1 class=\"elementor-heading-title elementor-size-medium\">Privacy policy<\/h1>\t\t<\/div>\n\t\t\t\t<\/div>\n\t\t\t\t\t<\/div>\n\t\t<\/div>\n\t\t\t\t\t<\/div>\n\t\t<\/section>\n\t\t\t\t<section class=\"elementor-section elementor-top-section elementor-element elementor-element-1984a3b3 elementor-section-boxed elementor-section-height-default elementor-section-height-default\" data-id=\"1984a3b3\" data-element_type=\"section\">\n\t\t\t\t\t\t<div class=\"elementor-container elementor-column-gap-default\">\n\t\t\t\t\t<div class=\"elementor-column elementor-col-100 elementor-top-column elementor-element elementor-element-69ee1825\" data-id=\"69ee1825\" data-element_type=\"column\">\n\t\t\t<div class=\"elementor-widget-wrap elementor-element-populated\">\n\t\t\t\t\t\t<div class=\"elementor-element elementor-element-337f3c97 elementor-widget__width-initial elementor-widget elementor-widget-text-editor\" data-id=\"337f3c97\" data-element_type=\"widget\" data-widget_type=\"text-editor.default\">\n\t\t\t\t<div class=\"elementor-widget-container\">\n\t\t\t<style>\/*! elementor - v3.21.0 - 08-05-2024 *\/\n.elementor-widget-text-editor.elementor-drop-cap-view-stacked .elementor-drop-cap{background-color:#69727d;color:#fff}.elementor-widget-text-editor.elementor-drop-cap-view-framed .elementor-drop-cap{color:#69727d;border:3px solid;background-color:transparent}.elementor-widget-text-editor:not(.elementor-drop-cap-view-default) .elementor-drop-cap{margin-top:8px}.elementor-widget-text-editor:not(.elementor-drop-cap-view-default) .elementor-drop-cap-letter{width:1em;height:1em}.elementor-widget-text-editor .elementor-drop-cap{float:left;text-align:center;line-height:1;font-size:50px}.elementor-widget-text-editor .elementor-drop-cap-letter{display:inline-block}<\/style>\t\t\t\t<div class=\"elementor-element elementor-element-87c6f54 elementor-widget elementor-widget-text-editor\" data-id=\"87c6f54\" data-element_type=\"widget\" data-widget_type=\"text-editor.default\">\n<div class=\"elementor-widget-container\">\n<p><span data-contrast=\"auto\">The Snehalayam e.V. uses the personal data provided by you (contact form, membership application) exclusively for responding to your inquiries, donation administration, newsletter distribution, and information about urgent actions if desired. The data is stored electronically.&nbsp;<\/span><span data-ccp-props=\"{&quot;201341983&quot;:0,&quot;335559739&quot;:160,&quot;335559740&quot;:259}\">&nbsp;<\/span><\/p>\n<p><span data-contrast=\"auto\">Your data will not be disclosed to third parties for either commercial or non-commercial purposes. Data transmission only occurs if we are legally or judicially obligated to do so.&nbsp;<\/span><span data-ccp-props=\"{&quot;201341983&quot;:0,&quot;335559739&quot;:160,&quot;335559740&quot;:259}\">&nbsp;<\/span><\/p>\n<p><span data-contrast=\"auto\">The deletion of stored personal data occurs when you revoke your consent to storage or when the data is no longer needed to fulfill the purpose for which it was stored.&nbsp;<\/span><span data-ccp-props=\"{&quot;201341983&quot;:0,&quot;335559739&quot;:160,&quot;335559740&quot;:259}\">&nbsp;<\/span><\/p>\n<p><span data-contrast=\"auto\">You have the right to access the data stored about you at any time. Regarding this, please use our&nbsp;<\/span><a href=\"https:\/\/snehalayam.com\/en\/kontakt\/\" target=\"_blank\">Contact form<\/a><span data-contrast=\"auto\">.<br><\/span><\/p>\n\n<\/div>\n<\/div>\t\t\t\t\t\t<\/div>\n\t\t\t\t<\/div>\n\t\t\t\t\t<\/div>\n\t\t<\/div>\n\t\t\t\t\t<\/div>\n\t\t<\/section>\n\t\t\t\t<\/div>","protected":false},"excerpt":{"rendered":"<p>Datenschutzerkl\u00e4rung Datenschutzerkl\u00e4rung Der Snehalayam e.V. verwendet die von dir zur Verf\u00fcgung gestellten, personenbezogenen Daten (Kontaktformular, Mitgliedschaftsantrag) ausschlie\u00dflich zur Beantwortung deiner Anfragen, Spenden-Administration sowie zum Newsletter-Versand und der Information \u00fcber Eilaktionen sofern gew\u00fcnscht. Die Daten werden elektronisch gespeichert.&nbsp;&nbsp; Deine Daten werden weder zu kommerziellen noch nicht-kommerziellen Zwecken an Dritte weitergegeben. Eine \u00dcbermittlung von Daten erfolgt nur [&hellip;]<\/p>","protected":false},"author":1,"featured_media":0,"parent":0,"menu_order":0,"comment_status":"closed","ping_status":"closed","template":"","meta":{"footnotes":""},"_links":{"self":[{"href":"https:\/\/snehalayam.com\/en\/wp-json\/wp\/v2\/pages\/2314"}],"collection":[{"href":"https:\/\/snehalayam.com\/en\/wp-json\/wp\/v2\/pages"}],"about":[{"href":"https:\/\/snehalayam.com\/en\/wp-json\/wp\/v2\/types\/page"}],"author":[{"embeddable":true,"href":"https:\/\/snehalayam.com\/en\/wp-json\/wp\/v2\/users\/1"}],"replies":[{"embeddable":true,"href":"https:\/\/snehalayam.com\/en\/wp-json\/wp\/v2\/comments?post=2314"}],"version-history":[{"count":34,"href":"https:\/\/snehalayam.com\/en\/wp-json\/wp\/v2\/pages\/2314\/revisions"}],"predecessor-version":[{"id":3777,"href":"https:\/\/snehalayam.com\/en\/wp-json\/wp\/v2\/pages\/2314\/revisions\/3777"}],"wp:attachment":[{"href":"https:\/\/snehalayam.com\/en\/wp-json\/wp\/v2\/media?parent=2314"}],"curies":[{"name":"wp","href":"https:\/\/api.w.org\/{rel}","templated":true}]}}